{"id":99,"date":"2023-05-31T09:54:07","date_gmt":"2023-05-31T06:54:07","guid":{"rendered":"https:\/\/obi.bilkent.edu.tr\/?page_id=99"},"modified":"2025-01-09T09:59:51","modified_gmt":"2025-01-09T06:59:51","slug":"saglik-birimi","status":"publish","type":"page","link":"https:\/\/obi.bilkent.edu.tr\/index.php\/sample-page\/saglik-birimi\/","title":{"rendered":"Sa\u011fl\u0131k Birimi"},"content":{"rendered":"<div align=\"center\">\n<table border=\"0\" width=\"450\" align=\"center\">\n<tbody>\n<tr>\n<td colspan=\"2\" align=\"center\"><\/td>\n<\/tr>\n<tr>\n<td align=\"center\" width=\"220\"><span style=\"font-weight: bolder;\">Aysu Kutlu<\/span><br \/>\n\u0130\u015fyeri Hekimi<br \/>\n<span style=\"font-weight: bolder; text-align: center;\">Tel: 290 83 38<\/span><\/td>\n<td align=\"center\" width=\"215\"><span style=\"font-weight: bolder;\">Melike ORHAN<\/span><br \/>\nOkul Hem\u015firesi<br \/>\n<a href=\"mailto:yazgun@bilkent.edu.tr\">melike.orhan@bilkent.edu.tr<\/a><\/td>\n<\/tr>\n<\/tbody>\n<\/table>\n<\/div>\n<p>&nbsp;<\/p>\n<div align=\"center\">\n<table border=\"0\" width=\"700\" align=\"center\">\n<tbody>\n<tr>\n<td align=\"left\" width=\"300\"><span style=\"font-weight: bolder;\">Koruyucu Sa\u011fl\u0131k Hizmetleri<\/span><\/p>\n<p>Koruyucu sa\u011fl\u0131k hizmetleri kapsam\u0131nda;<\/p>\n<p>&nbsp;<\/p>\n<p>\u2022 Okula yeni ba\u015flayan \u00f6\u011frencilerin sa\u011fl\u0131k muayeneleri,<\/p>\n<p>\u2022 Lisansl\u0131 sporcular\u0131n spora ba\u015flang\u0131\u00e7 ve periyodik muayeneleri, (Bilkent \u00dcniversitesi Do\u011fu Sa\u011fl\u0131k Merkezinde yap\u0131lmaktad\u0131r.)<\/p>\n<p>\u2022 Periyodik, genel a\u015f\u0131 uygulamalar\u0131n\u0131n velilerimize duyurulmas\u0131. A\u015f\u0131laman\u0131n velinin onay\u0131 \u00e7er\u00e7evesinde Sa\u011fl\u0131k Bakanl\u0131\u011f\u0131 g\u00f6revlileri taraf\u0131ndan ger\u00e7ekle\u015ftirilmesi,<\/p>\n<p>\u2022 \u0130htiyaca g\u00f6re sa\u011fl\u0131k taramalar\u0131,<\/p>\n<p>\u2022 \u00c7evre sa\u011fl\u0131\u011f\u0131 &#8211; sanitasyon hizmetleri, okul sa\u011fl\u0131k gezileri ile g\u0131da ve g\u0131da nevi i\u015flerde \u00e7al\u0131\u015fanlar\u0131n sa\u011fl\u0131k kontrollerinin takibi, i\u00e7me suyu vasf\u0131na uygun suyun periyodik analizleri yer almaktad\u0131r.<\/td>\n<td width=\"23\"><\/td>\n<td align=\"left\" width=\"363\"><span style=\"font-weight: bolder;\">Okulda Tedavi Uygulama Esaslar\u0131m\u0131z<\/span><\/p>\n<p>\u00d6\u011frencilerimizin \u00f6zel sa\u011fl\u0131k durumlar\u0131 ile ilgili bilgilerin \u00d6\u011frenci Sa\u011fl\u0131k dosyas\u0131na i\u015flenmesi amac\u0131yla Sa\u011fl\u0131k Merkezimize velilerimizce bildirilmesi gerekmektedir. \u00d6\u011frencimizin okul saatlerinde ila\u00e7 kullanmas\u0131 gerekiyorsa tedavisinin g\u00fcn i\u00e7inde aksamamas\u0131 ve devam\u0131 i\u00e7in okulumuzda bir program uygulamaktay\u0131z.<\/p>\n<p>Bu programa g\u00f6re;<br \/>\n\u00d6\u011frencilerin g\u00fcvenli\u011fi a\u00e7\u0131s\u0131ndan l\u00fctfen okula, \u00f6\u011frenci \u00e7antalar\u0131nda ila\u00e7 g\u00f6ndermeyiniz. \u0130la\u00e7lar\u0131n veliler taraf\u0131ndan okul hem\u015firesine teslim edilmesi gerekmektedir. \u00c7ocu\u011funuzun okul saatleri i\u00e7inde d\u00fczenli olarak kullanmas\u0131 gereken ila\u00e7lar\u0131n verilebilmesi i\u00e7in doktoru taraf\u0131ndan verilen bir re\u00e7ete gerekmektedir.<br \/>\n<span style=\"font-weight: bolder;\">* <\/span>\u00d6\u011frencilerimize okulda ya\u015fan\u0131labilecek ,b\u00f6cek \u0131s\u0131rmas\u0131, \u00e7arpma ve d\u00fc\u015fmeye ba\u011fl\u0131 kas a\u011fr\u0131lar\u0131 , u\u00e7uk vb.gibi sa\u011fl\u0131k problemlerinde basit krem, jel ve pomadlar uygulanabilir.<br \/>\n<span style=\"font-weight: bolder;\">* <\/span>\u00d6\u011frencilerimizde olu\u015fabilecek basit semptomlar i\u00e7in (ba\u015f a\u011fr\u0131s\u0131, ate\u015f vb.) Parasetamol veya Ibuprofen i\u00e7erikli a\u011fr\u0131 kesici, ve ate\u015f d\u00fc\u015f\u00fcr\u00fcc\u00fc gibi ila\u00e7lar veli s\u00f6zel onay\u0131 al\u0131narak uygulanabilir. Sa\u011fl\u0131k Onam Formlar\u0131 i\u00e7in <a href=\"..\/..\/formlar\/saglikonamformu.pdf\" target=\"_blank\" rel=\"noopener\">TIKLAYINIZ.<\/a><\/td>\n<\/tr>\n<tr>\n<td align=\"left\"><span style=\"font-weight: bolder;\">Geli\u015ftirici Sa\u011fl\u0131k Hizmetleri<\/span><\/p>\n<p>Geli\u015ftirici sa\u011fl\u0131k hizmetleri kapsam\u0131nda;<\/p>\n<p>Sa\u011fl\u0131kl\u0131, dengeli b\u00fcy\u00fcme ve geli\u015fme, ilkyard\u0131m, madde ba\u011f\u0131ml\u0131l\u0131\u011f\u0131, AIDS, cinsel e\u011fitim gibi konularda e\u011fitimler verilmektedir. Baz\u0131 programlar, gerekti\u011finde Bilkent \u00dcniversitesi Sa\u011fl\u0131k Merkezi deste\u011fi al\u0131narak y\u00fcr\u00fct\u00fclmektedir.<\/td>\n<td><\/td>\n<td align=\"left\"><span style=\"font-weight: bolder;\">Acil Sa\u011fl\u0131k Hizmetleri<\/span><\/p>\n<p>Okul kazalar\u0131 ve akut geli\u015fen acil hastal\u0131klarda Bilkent \u00dcniversitesi Sa\u011fl\u0131k Merkezi Acil Sa\u011fl\u0131k ekibiyle beraber acil m\u00fcdahelelerde bulunulmaktadir. \u00d6\u011frencimizin hastaneye acil g\u00f6t\u00fcr\u00fclmesi gereken durumlarda veli bilgilendirilir ve \u00f6\u011frenci, velinin bildirdi\u011fi hastaneye ula\u015ft\u0131r\u0131l\u0131r. Veliye ula\u015f\u0131lamad\u0131\u011f\u0131 durumlarda okul t\u0131bbi gerekleri yerine getirmek \u00fczere \u00f6\u011frenciyi, ambulans ekibi ve \u00f6\u011fretmen e\u015fli\u011finde en yak\u0131n hastaneye ula\u015ft\u0131r\u0131r.<\/td>\n<\/tr>\n<\/tbody>\n<\/table>\n<\/div>\n<p>Okul kazalar\u0131 ve akut geli\u015fen acil hastal\u0131klarda Bilkent \u00dcniversitesi Sa\u011fl\u0131k Merkezi Acil Sa\u011fl\u0131k ekibinden destek al\u0131nmaktad\u0131r.<\/p>\n","protected":false},"excerpt":{"rendered":"<p>Aysu Kutlu \u0130\u015fyeri Hekimi Tel: 290 83 38 Melike ORHAN Okul Hem\u015firesi melike.orhan@bilkent.edu.tr &nbsp; Koruyucu Sa\u011fl\u0131k Hizmetleri Koruyucu sa\u011fl\u0131k hizmetleri kapsam\u0131nda; &nbsp; \u2022 Okula yeni ba\u015flayan \u00f6\u011frencilerin sa\u011fl\u0131k muayeneleri, \u2022 [&hellip;]<\/p>\n","protected":false},"author":1,"featured_media":0,"parent":2,"menu_order":0,"comment_status":"closed","ping_status":"closed","template":"template-noright.php","meta":[],"_links":{"self":[{"href":"https:\/\/obi.bilkent.edu.tr\/index.php\/wp-json\/wp\/v2\/pages\/99"}],"collection":[{"href":"https:\/\/obi.bilkent.edu.tr\/index.php\/wp-json\/wp\/v2\/pages"}],"about":[{"href":"https:\/\/obi.bilkent.edu.tr\/index.php\/wp-json\/wp\/v2\/types\/page"}],"author":[{"embeddable":true,"href":"https:\/\/obi.bilkent.edu.tr\/index.php\/wp-json\/wp\/v2\/users\/1"}],"replies":[{"embeddable":true,"href":"https:\/\/obi.bilkent.edu.tr\/index.php\/wp-json\/wp\/v2\/comments?post=99"}],"version-history":[{"count":8,"href":"https:\/\/obi.bilkent.edu.tr\/index.php\/wp-json\/wp\/v2\/pages\/99\/revisions"}],"predecessor-version":[{"id":273,"href":"https:\/\/obi.bilkent.edu.tr\/index.php\/wp-json\/wp\/v2\/pages\/99\/revisions\/273"}],"up":[{"embeddable":true,"href":"https:\/\/obi.bilkent.edu.tr\/index.php\/wp-json\/wp\/v2\/pages\/2"}],"wp:attachment":[{"href":"https:\/\/obi.bilkent.edu.tr\/index.php\/wp-json\/wp\/v2\/media?parent=99"}],"curies":[{"name":"wp","href":"https:\/\/api.w.org\/{rel}","templated":true}]}}