{"id":81,"date":"2023-04-10T13:42:57","date_gmt":"2023-04-10T10:42:57","guid":{"rendered":"https:\/\/obi.bilkent.edu.tr\/?page_id=81"},"modified":"2025-01-09T09:46:01","modified_gmt":"2025-01-09T06:46:01","slug":"misyonumuz","status":"publish","type":"page","link":"https:\/\/obi.bilkent.edu.tr\/index.php\/misyonumuz\/","title":{"rendered":"Misyonumuz"},"content":{"rendered":"\r\n<p align=\"left\"><strong>Bilkent Okullar\u0131 olarak misyonumuz Atat\u00fcrk ilke ve \u0130nk\u0131laplar\u0131 do\u011frultusunda;<\/strong><\/p>\r\n\r\n<p align=\"left\"><span style=\"color: #ff0000;\"><strong>B<\/strong><\/span> ireysel kimli\u011fiyle k\u00fclt\u00fcrel miras\u0131n\u0131 birle\u015ftiren,<\/p>\r\n\r\n<p align=\"left\"><span style=\"color: #ff0000;\"><strong>\u0130<\/strong><\/span> lkeli, dengeli ve a\u00e7\u0131k fikirli,<\/p>\r\n\r\n<p align=\"left\"><span style=\"color: #ff0000;\"><strong>L<\/strong><\/span> iderlik \u00f6zelliklerine sahip, d\u00f6n\u00fc\u015f\u00fcml\u00fc d\u00fc\u015f\u00fcnen,<\/p>\r\n\r\n<p align=\"left\"><span style=\"color: #ff0000;\"><strong>K<\/strong><\/span> ararl\u0131, g\u00fcvenli ve duyarl\u0131,<\/p>\r\n\r\n<p align=\"left\"><span style=\"color: #ff0000;\"><strong>E<\/strong><\/span> vrenselli\u011fi ya\u015fam\u0131 ile b\u00fct\u00fcnle\u015ftiren,<\/p>\r\n\r\n<p align=\"left\"><span style=\"color: #ff0000;\"><strong>N<\/strong><\/span> as\u0131l \u00f6\u011frenece\u011fini bilen, farkl\u0131 dillerde kendini ifade eden,<\/p>\r\n\r\n<p align=\"left\"><span style=\"color: #ff0000;\"><strong>T<\/strong><\/span> eknolojiyi \u00fcst d\u00fczeyde kullanabilen,<\/p>\r\n\r\n<p align=\"left\"><strong>Yenilik\u00e7i ve toplumun geli\u015fimine katk\u0131da bulunan bireyleri, k\u00fcreselle\u015fen d\u00fcnyam\u0131z\u0131n yar\u0131nlar\u0131na haz\u0131rlamakt\u0131r.<\/strong><\/p>\r\n","protected":false},"excerpt":{"rendered":"<p>Bilkent Okullar\u0131 olarak misyonumuz Atat\u00fcrk ilke ve \u0130nk\u0131laplar\u0131 do\u011frultusunda; B ireysel kimli\u011fiyle k\u00fclt\u00fcrel miras\u0131n\u0131 birle\u015ftiren, \u0130 lkeli, dengeli ve a\u00e7\u0131k fikirli, L iderlik \u00f6zelliklerine sahip, d\u00f6n\u00fc\u015f\u00fcml\u00fc d\u00fc\u015f\u00fcnen, K ararl\u0131, g\u00fcvenli [&hellip;]<\/p>\n","protected":false},"author":1,"featured_media":0,"parent":0,"menu_order":0,"comment_status":"closed","ping_status":"closed","template":"template-noright.php","meta":[],"_links":{"self":[{"href":"https:\/\/obi.bilkent.edu.tr\/index.php\/wp-json\/wp\/v2\/pages\/81"}],"collection":[{"href":"https:\/\/obi.bilkent.edu.tr\/index.php\/wp-json\/wp\/v2\/pages"}],"about":[{"href":"https:\/\/obi.bilkent.edu.tr\/index.php\/wp-json\/wp\/v2\/types\/page"}],"author":[{"embeddable":true,"href":"https:\/\/obi.bilkent.edu.tr\/index.php\/wp-json\/wp\/v2\/users\/1"}],"replies":[{"embeddable":true,"href":"https:\/\/obi.bilkent.edu.tr\/index.php\/wp-json\/wp\/v2\/comments?post=81"}],"version-history":[{"count":4,"href":"https:\/\/obi.bilkent.edu.tr\/index.php\/wp-json\/wp\/v2\/pages\/81\/revisions"}],"predecessor-version":[{"id":86,"href":"https:\/\/obi.bilkent.edu.tr\/index.php\/wp-json\/wp\/v2\/pages\/81\/revisions\/86"}],"wp:attachment":[{"href":"https:\/\/obi.bilkent.edu.tr\/index.php\/wp-json\/wp\/v2\/media?parent=81"}],"curies":[{"name":"wp","href":"https:\/\/api.w.org\/{rel}","templated":true}]}}