{"id":56,"date":"2023-04-06T16:21:54","date_gmt":"2023-04-06T13:21:54","guid":{"rendered":"https:\/\/obi.bilkent.edu.tr\/?page_id=56"},"modified":"2025-01-09T09:39:33","modified_gmt":"2025-01-09T06:39:33","slug":"okul-mudurlerimizden","status":"publish","type":"page","link":"https:\/\/obi.bilkent.edu.tr\/index.php\/okul-mudurlerimizden\/","title":{"rendered":"\u0130lkokul M\u00fcd\u00fcr\u00fcm\u00fczden"},"content":{"rendered":"<table border=\"0\" width=\"500\" align=\"center\">\n<tbody>\n<tr>\n<td><img decoding=\"async\" class=\"aligncenter\" src=\"..\/..\/images\/aysungemalmayan.jpg\" width=\"200\" \/><\/td>\n<td><\/td>\n<td><\/td>\n<\/tr>\n<tr>\n<td style=\"text-align: center;\">Aysun GEMALMAYAN<br \/>\n\u0130lkokul Okul M\u00fcd\u00fcr\u00fc<\/td>\n<td><\/td>\n<td style=\"text-align: center;\"><\/td>\n<\/tr>\n<\/tbody>\n<\/table>\n<p><strong><em>Ad\u0131n\u0131 ta\u015f\u0131maktan b\u00fcy\u00fck bir onur duydu\u011fumuz de\u011ferli e\u011fitimci ve bilim adam\u0131 merhum Prof. Dr. \u0130hsan Do\u011framac\u0131\u2019n\u0131n kurdu\u011fu okulumuzun a\u011f sayfas\u0131na ho\u015f geldiniz.<\/em><\/strong><\/p>\n<p>\u0130hsan Do\u011framac\u0131 Vakf\u0131 \u00d6zel Bilkent \u0130lk\u00f6\u011fretim Okulu Ailesi olarak 20 y\u0131ld\u0131r g\u00f6kku\u015fa\u011f\u0131n\u0131n renklerine benzetti\u011fimiz e\u011fitim yolculu\u011fumuzu s\u00fcrd\u00fcr\u00fcrken Ulu \u00d6nderimiz Atat\u00fcrk\u2019\u00fcn ilke ve ink\u0131laplar\u0131n\u0131n \u0131\u015f\u0131\u011f\u0131nda deneyimli kadromuz, \u00e7a\u011fda\u015f e\u011fitim kalitesinden \u00f6d\u00fcn vermeyen anlay\u0131\u015f\u0131m\u0131z ve geli\u015fmi\u015f \u00fclkelerin sahip oldu\u011fu teknik donan\u0131mlar\u0131m\u0131z ile en de\u011ferli hazinemiz olan gelece\u011fin b\u00fcy\u00fckleri \u00f6\u011frencilerimize k\u00fclt\u00fcrleraras\u0131 anlay\u0131\u015f ve sayg\u0131 \u00e7er\u00e7evesinde kaliteli e\u011fitimi sunmay\u0131 ilke edindik. Onlara;<\/p>\n<ul>\n<li>Sorgulamaya dayal\u0131,<\/li>\n<li>kavram, beceri ve tutumlar\u0131n\u0131 geli\u015ftirebilecekleri,<\/li>\n<li>ulusal e\u011fitim program\u0131m\u0131zla sentezledi\u011fimiz, bir e\u011fitim f\u0131rsat\u0131<\/li>\n<\/ul>\n<p>Bu program \u00f6\u011frencilerimize \u00f6\u011frenme sevgisini a\u015f\u0131larken de\u011fi\u015fen d\u00fcnyan\u0131n gereksinimleri do\u011frultusunda beceri, tutum ve de\u011ferlere sahip olmalar\u0131n\u0131 hedeflemektedir.<\/p>\n<p>Amac\u0131m\u0131z\u00a0\u00a0\u00a0\u00a0 her\u00a0\u00a0\u00a0 \u00f6\u011frencinin\u00a0\u00a0\u00a0\u00a0 geli\u015fimine\u00a0\u00a0\u00a0\u00a0\u00a0 uygun\u00a0\u00a0\u00a0 \u00f6\u011frenme\u00a0\u00a0\u00a0 f\u0131rsatlar\u0131\u00a0\u00a0\u00a0 yaratmak\u00a0 ve \u00f6\u011frendiklerini g\u00fcnl\u00fck ya\u015fam\u0131na yans\u0131tmalar\u0131n\u0131 sa\u011flamakt\u0131r.<\/p>\n<p><strong>\u00a0<\/strong>Davran\u0131\u015f bi\u00e7imlerinden, sorumlulu\u011fa<\/p>\n<ul>\n<li>ara\u015ft\u0131rma becerilerinden d\u00fc\u015f\u00fcnme becerilerine,<\/li>\n<li>do\u011fruluktan g\u00fcvene<\/li>\n<\/ul>\n<p>kadar bir\u00e7ok bilgi, beceri ve tutumla donanm\u0131\u015f olan \u00f6\u011frencilerimizde en b\u00fcy\u00fck \u00e7abam\u0131z, gelecekte farkl\u0131l\u0131k yaratacak ve i\u015f ya\u015famlar\u0131nda onlara gerekecek \u00f6zelliklerin temellerini ilk\u00f6\u011fretim ya\u015famlar\u0131nda atabilmektir.<\/p>\n<p>Bu ama\u00e7lar \u00e7er\u00e7evesinde haz\u0131rlanan e\u011fitim program\u0131m\u0131z \u00f6\u011frencilerimizden, \u00f6\u011fretmenlerimizden ve velilerimizden al\u0131nan d\u00fczenli geribildirimler do\u011frultusunda s\u00fcrekli geli\u015ftirilmektedir.<\/p>\n<p>\u0130hsan Do\u011framac\u0131 Vakf\u0131 \u00d6zel Bilkent \u0130lk ve Ortaokulu; t\u00fcm \u00f6\u011frencilerin yetenekleri do\u011frultusunda akademik ve sosyal becerilerini geli\u015ftirdikleri hayat boyu \u00f6\u011frenmeyi ilke edinmi\u015f mutlu ve heyecanl\u0131 bir \u00f6\u011frenme ortam\u0131na sahiptir. Yenilik\u00e7i ve toplumun geli\u015fmesine katk\u0131da bulunan \u00f6zg\u00fcvenli, bilgili, yetenekli ve sorumlu bireyleri k\u00fcreselle\u015fen d\u00fcnyam\u0131z\u0131n yar\u0131nlar\u0131na haz\u0131rlad\u0131\u011f\u0131m\u0131z okulumuzda sizleri de konuk etmekten mutluluk duyar\u0131z.<\/p>\n<p>Sayg\u0131lar\u0131m\u0131zla.<\/p>\n<table border=\"0\" width=\"500\" align=\"left\">\n<tbody>\n<tr>\n<td style=\"text-align: center;\">Aysun GEMALMAYAN<br \/>\n\u0130lkokul Okul M\u00fcd\u00fcr\u00fc<\/td>\n<td><\/td>\n<td style=\"text-align: center;\"><\/td>\n<\/tr>\n<\/tbody>\n<\/table>\n<div id=\"gtx-trans\" style=\"position: absolute; left: 308px; top: 1051px;\"><\/div>\n","protected":false},"excerpt":{"rendered":"<p>Aysun GEMALMAYAN \u0130lkokul Okul M\u00fcd\u00fcr\u00fc Ad\u0131n\u0131 ta\u015f\u0131maktan b\u00fcy\u00fck bir onur duydu\u011fumuz de\u011ferli e\u011fitimci ve bilim adam\u0131 merhum Prof. Dr. \u0130hsan Do\u011framac\u0131\u2019n\u0131n kurdu\u011fu okulumuzun a\u011f sayfas\u0131na ho\u015f geldiniz. \u0130hsan Do\u011framac\u0131 Vakf\u0131 [&hellip;]<\/p>\n","protected":false},"author":1,"featured_media":0,"parent":0,"menu_order":0,"comment_status":"closed","ping_status":"closed","template":"template-noright.php","meta":[],"_links":{"self":[{"href":"https:\/\/obi.bilkent.edu.tr\/index.php\/wp-json\/wp\/v2\/pages\/56"}],"collection":[{"href":"https:\/\/obi.bilkent.edu.tr\/index.php\/wp-json\/wp\/v2\/pages"}],"about":[{"href":"https:\/\/obi.bilkent.edu.tr\/index.php\/wp-json\/wp\/v2\/types\/page"}],"author":[{"embeddable":true,"href":"https:\/\/obi.bilkent.edu.tr\/index.php\/wp-json\/wp\/v2\/users\/1"}],"replies":[{"embeddable":true,"href":"https:\/\/obi.bilkent.edu.tr\/index.php\/wp-json\/wp\/v2\/comments?post=56"}],"version-history":[{"count":11,"href":"https:\/\/obi.bilkent.edu.tr\/index.php\/wp-json\/wp\/v2\/pages\/56\/revisions"}],"predecessor-version":[{"id":268,"href":"https:\/\/obi.bilkent.edu.tr\/index.php\/wp-json\/wp\/v2\/pages\/56\/revisions\/268"}],"wp:attachment":[{"href":"https:\/\/obi.bilkent.edu.tr\/index.php\/wp-json\/wp\/v2\/media?parent=56"}],"curies":[{"name":"wp","href":"https:\/\/api.w.org\/{rel}","templated":true}]}}