{"id":550,"date":"2026-02-05T14:32:30","date_gmt":"2026-02-05T11:32:30","guid":{"rendered":"https:\/\/obi.bilkent.edu.tr\/?page_id=550"},"modified":"2026-03-05T13:33:51","modified_gmt":"2026-03-05T10:33:51","slug":"2026-2027-egitim-ucretimiz","status":"publish","type":"page","link":"https:\/\/obi.bilkent.edu.tr\/index.php\/2026-2027-egitim-ucretimiz\/","title":{"rendered":"2026 &#8211; 2027 E\u011fitim \u00dccretimiz"},"content":{"rendered":"<p>&nbsp;<\/p>\n<table border=\"2px\" width=\"320\">\n<tbody>\n<tr>\n<td style=\"text-align: center;\" width=\"110\"><strong>Okul<\/strong><\/td>\n<td style=\"text-align: center;\" width=\"80\"><strong>S\u0131n\u0131f<\/strong><\/td>\n<td style=\"text-align: center;\" width=\"130\"><strong>\u00dccret<br \/>\n(Yemek Hari\u00e7)<\/strong><\/td>\n<\/tr>\n<tr>\n<td style=\"text-align: center;\">Okul \u00d6ncesi<\/td>\n<td style=\"text-align: center;\">5 ya\u015f<\/td>\n<td style=\"text-align: center;\">817.150<\/td>\n<\/tr>\n<tr>\n<td style=\"text-align: center;\">Okul \u00d6ncesi<\/td>\n<td style=\"text-align: center;\">6 ya\u015f<\/td>\n<td style=\"text-align: center;\">817.150<\/td>\n<\/tr>\n<tr>\n<td style=\"text-align: center;\">\u0130lkokul<\/td>\n<td style=\"text-align: center;\">\u00a01<\/td>\n<td style=\"text-align: center;\">791.560<\/td>\n<\/tr>\n<tr>\n<td style=\"text-align: center;\">\u0130lkokul<\/td>\n<td style=\"text-align: center;\">\u00a02<\/td>\n<td style=\"text-align: center;\">719.090<\/td>\n<\/tr>\n<tr>\n<td style=\"text-align: center;\">\u0130lkokul<\/td>\n<td style=\"text-align: center;\">\u00a03<\/td>\n<td style=\"text-align: center;\">719.090<\/td>\n<\/tr>\n<tr>\n<td style=\"text-align: center;\">\u0130lkokul<\/td>\n<td style=\"text-align: center;\">\u00a04<\/td>\n<td style=\"text-align: center;\">529.510<\/td>\n<\/tr>\n<tr>\n<td style=\"text-align: center;\">Ortaokul<\/td>\n<td style=\"text-align: center;\">\u00a05<\/td>\n<td style=\"text-align: center;\">653.720<\/td>\n<\/tr>\n<tr>\n<td style=\"text-align: center;\">Ortaokul<\/td>\n<td style=\"text-align: center;\">\u00a06<\/td>\n<td style=\"text-align: center;\">653.720<\/td>\n<\/tr>\n<tr>\n<td style=\"text-align: center;\">Ortaokul<\/td>\n<td style=\"text-align: center;\">\u00a07<\/td>\n<td style=\"text-align: center;\">653.720<\/td>\n<\/tr>\n<tr>\n<td style=\"text-align: center;\">Ortaokul<\/td>\n<td style=\"text-align: center;\">\u00a08<\/td>\n<td style=\"text-align: center;\">444.520<\/td>\n<\/tr>\n<tr>\n<td style=\"text-align: center;\">Lise<\/td>\n<td style=\"text-align: center;\">\u00a09<\/td>\n<td style=\"text-align: center;\">653.720<\/td>\n<\/tr>\n<tr>\n<td style=\"text-align: center;\">Lise<\/td>\n<td style=\"text-align: center;\">\u00a010<\/td>\n<td style=\"text-align: center;\">653.720<\/td>\n<\/tr>\n<tr>\n<td style=\"text-align: center;\">Lise<\/td>\n<td style=\"text-align: center;\">\u00a011<\/td>\n<td style=\"text-align: center;\">653.720<\/td>\n<\/tr>\n<tr>\n<td style=\"text-align: center;\">Lise<\/td>\n<td style=\"text-align: center;\">\u00a012<\/td>\n<td style=\"text-align: center;\">451.060<\/td>\n<\/tr>\n<\/tbody>\n<\/table>\n<p>&nbsp;<\/p>\n<ul>\n<li style=\"list-style-type: none;\">\n<ul>\n<li>Yemek \u00fccreti 95.000 TL\u2019dir.<\/li>\n<li>Okul sonras\u0131 etkinlik \u00fccreti (etkinlik ba\u015f\u0131na) 57.900 TL\u2019dir.<\/li>\n<li>Orta 5, 6, 7, 8 ve Lise 9, 10 et\u00fct \u00fccreti 46.500 TL\u2019dir.<\/li>\n<li>Lise 11. s\u0131n\u0131f takviye kurs \u00fccreti 120.000 TL&#8217;dir.<\/li>\n<li>\u00dccretlere KDV dahildir (%10).<\/li>\n<li>Kay\u0131t tarihine kadar pe\u015fin \u00f6deme indirimi %8\u2019dir.<\/li>\n<li class=\"v1MsoListParagraph\">T\u00fcm \u00fccretler bir e\u011fitim-\u00f6\u011fretim y\u0131l\u0131n\u0131 (iki d\u00f6nem) kapsamaktad\u0131r.<\/li>\n<\/ul>\n<\/li>\n<\/ul>\n","protected":false},"excerpt":{"rendered":"<p>&nbsp; Okul S\u0131n\u0131f \u00dccret (Yemek Hari\u00e7) Okul \u00d6ncesi 5 ya\u015f 817.150 Okul \u00d6ncesi 6 ya\u015f 817.150 \u0130lkokul \u00a01 791.560 \u0130lkokul \u00a02 719.090 \u0130lkokul \u00a03 719.090 \u0130lkokul \u00a04 529.510 Ortaokul \u00a05 [&hellip;]<\/p>\n","protected":false},"author":1,"featured_media":0,"parent":0,"menu_order":0,"comment_status":"closed","ping_status":"closed","template":"","meta":[],"_links":{"self":[{"href":"https:\/\/obi.bilkent.edu.tr\/index.php\/wp-json\/wp\/v2\/pages\/550"}],"collection":[{"href":"https:\/\/obi.bilkent.edu.tr\/index.php\/wp-json\/wp\/v2\/pages"}],"about":[{"href":"https:\/\/obi.bilkent.edu.tr\/index.php\/wp-json\/wp\/v2\/types\/page"}],"author":[{"embeddable":true,"href":"https:\/\/obi.bilkent.edu.tr\/index.php\/wp-json\/wp\/v2\/users\/1"}],"replies":[{"embeddable":true,"href":"https:\/\/obi.bilkent.edu.tr\/index.php\/wp-json\/wp\/v2\/comments?post=550"}],"version-history":[{"count":9,"href":"https:\/\/obi.bilkent.edu.tr\/index.php\/wp-json\/wp\/v2\/pages\/550\/revisions"}],"predecessor-version":[{"id":568,"href":"https:\/\/obi.bilkent.edu.tr\/index.php\/wp-json\/wp\/v2\/pages\/550\/revisions\/568"}],"wp:attachment":[{"href":"https:\/\/obi.bilkent.edu.tr\/index.php\/wp-json\/wp\/v2\/media?parent=550"}],"curies":[{"name":"wp","href":"https:\/\/api.w.org\/{rel}","templated":true}]}}