{"id":42,"date":"2023-04-06T10:29:30","date_gmt":"2023-04-06T07:29:30","guid":{"rendered":"https:\/\/obi.bilkent.edu.tr\/?page_id=42"},"modified":"2025-01-09T09:37:37","modified_gmt":"2025-01-09T06:37:37","slug":"kurucumuz","status":"publish","type":"page","link":"https:\/\/obi.bilkent.edu.tr\/index.php\/kurucumuz\/","title":{"rendered":"Kurucumuz"},"content":{"rendered":"<p align=\"center\"><span style=\"font-size: 18px; color: #ff0000;\">Prof. Dr. \u0130hsan DO\u011eRAMACI<\/span><\/p>\n<p><img decoding=\"async\" style=\"padding-right: 10px;\" src=\"https:\/\/obi.bilkent.edu.tr\/images\/id.jpg\" align=\"left\" \/>Profes\u00f6r \u0130hsan Do\u011framac\u0131, 1938\u2019de \u0130stanbul T\u0131p Fak\u00fcltesinden mezun olduktan sonra, \u00f6nce Ankara\u2019daki Numune Hastanesinde, daha sonra ise Amerika Birle\u015fik Devletlerinde, Harvard \u00dcniversitesinin e\u011fitim hastanesi olan Boston \u00c7ocuk Hastanesinde ve Washington \u00dcniversitesinin e\u011fitim hastanesi olan St. Louis \u00c7ocuk Hastanesinde \u00e7ocuk hastal\u0131klar\u0131 uzman\u0131 olarak \u00e7al\u0131\u015ft\u0131. Ankara \u00dcniversitesinden 1949 y\u0131l\u0131nda do\u00e7ent ve 1954 y\u0131l\u0131nda profes\u00f6r unvan\u0131 alan \u0130hsan Do\u011framac\u0131, \u00c7ocuk Sa\u011fl\u0131\u011f\u0131 Enstit\u00fcs\u00fc, Hacettepe T\u0131p ve Sa\u011fl\u0131k Bilimleri Fak\u00fcltesi ve Hacettepe \u00dcniversitesinin kurulmas\u0131nda \u00f6nemli rol oynad\u0131. Bu kurumlarda ilk kez t\u0131p e\u011fitimi sistemiyle akademisyenlerin \u00e7al\u0131\u015fma saatlerinin b\u00fct\u00fcnle\u015ftirilmesini sa\u011flad\u0131.<\/p>\n<p>Profes\u00f6r Do\u011framac\u0131, 1963-1965 y\u0131llar\u0131 aras\u0131nda Ankara \u00dcniversitesi Rekt\u00f6r\u00fc, 1965-1967 y\u0131llar\u0131 aras\u0131nda Orta Do\u011fu Teknik \u00dcniversitesi M\u00fctevelli Heyeti Ba\u015fkan\u0131 ve 1965-1967 y\u0131llar\u0131 aras\u0131nda Hacettepe \u00dcniversitesi Rekt\u00f6r\u00fc olarak g\u00f6rev yapt\u0131. Daha sonra, Fransa\u2019da University of Paris V\u2019de akademik bir g\u00f6reve atand\u0131.<\/p>\n<p>Profes\u00f6r \u0130hsan Do\u011framac\u0131, 1964-1973 y\u0131llar\u0131 aras\u0131nda Avrupa \u00dcniversiteleri Rekt\u00f6rleri ve Rekt\u00f6r Yard\u0131mc\u0131lar\u0131 Daimi Komitesinin idari kurul \u00fcyesi, 1981\u2019den sonra ise ayn\u0131 komitede kurul \u00fcyesi ve Uluslararas\u0131 Y\u00fcksek E\u011fitim Konferans\u0131n\u0131n (International Conference on Higher Education, I.C.H.E.) Ba\u015fkan\u0131 ve Onursal Ba\u015fkan\u0131 g\u00f6revlerinde bulundu. Kamerun Yaounde, Nijerya Ife, Brezilya Brasilia ve Kanada Sherbrooke\u2019da t\u0131p fak\u00fcltelerinin kurulmas\u0131 ve e\u011fitim programlar\u0131n\u0131n d\u00fczenlenmesinde dan\u0131\u015fman olarak \u00e7al\u0131\u015ft\u0131. G\u00f6r\u00fcld\u00fc\u011f\u00fc \u00fczere, Profes\u00f6r Do\u011framac\u0131, di\u011fer \u00fclkelerdeki y\u00fcksek e\u011fitim sistemlerini de yak\u0131ndan g\u00f6zlemledi.<\/p>\n<p>Profes\u00f6r Do\u011framac\u0131, Y\u00fcksek \u00d6\u011fretim Kurumunun ilk Ba\u015fkan\u0131d\u0131r ve 10 Aral\u0131k 1981 ile 10 Temmuz 1992 tarihleri aras\u0131nda 10 y\u0131l s\u00fcreyle ba\u015fkanl\u0131k g\u00f6revini s\u00fcrd\u00fcrm\u00fc\u015ft\u00fcr. Kendisi ayr\u0131ca 2010 \u015eubat ay\u0131nda vefat\u0131na dek Bilkent \u00dcniversitesinin M\u00fctevelli Heyeti Ba\u015fkan\u0131 olarak g\u00f6rev yapm\u0131\u015ft\u0131r.<\/p>\n<p>Profes\u00f6r \u0130hsan Do\u011framac\u0131, Almanya\u2019daki Akademie der Naturforscher (Do\u011fa Bilimleri Akademisi) Hindistan\u2019daki National Academy of Medical Sciences (Ulusal T\u0131p Bilimleri Akademisi), Fransa\u2019daki Acad\u00e9mie Nationale de M\u00e9decine (Ulusal T\u0131p Akademisi), Amerika\u2019daki Academy of Paediatrics (Pediatri Akademisi), Azerbaycan\u2019daki Elmler Akademiyas\u0131 (\u0130limler Akademisi) ve \u0130ngiltere\u2019deki Royal College of Physicians (Kraliyet Hekimler Koleji) \u00fcyesidir. Kendisi ayr\u0131ca \u0130ngiltere\u2019deki Royal College of Paediatrics and Child Health (Pediatri ve \u00c7ocuk Sa\u011fl\u0131\u011f\u0131 Kraliyet Koleji) kurucu \u00fcyesidir. Yukar\u0131da say\u0131lan g\u00f6revlerinin yan\u0131 s\u0131ra Profes\u00f6r Do\u011framac\u0131, yirmi farkl\u0131 \u00fclkedeki \u00e7e\u015fitli meslek \u00f6rg\u00fctlerinin de onursal \u00fcyesidir. <img decoding=\"async\" loading=\"lazy\" src=\"https:\/\/obi.bilkent.edu.tr\/images\/id2.jpg\" width=\"338\" height=\"218\" align=\"right\" \/><\/p>\n<p>Profes\u00f6r Do\u011framac\u0131 e\u011fitim camias\u0131na T\u00fcrkiye\u2019nin ilk \u00f6zel \u00fcniversitesi olan Bilkent \u00dcniversitesi\u2019ni kazand\u0131rman\u0131n yan\u0131 s\u0131ra , 1993 y\u0131l\u0131n\u0131n Eyl\u00fcl ay\u0131nda \u00d6zel Bilkent Lisesi\u2019ni , 1994 y\u0131l\u0131nda da \u00d6zel Bilkent \u0130lk\u00f6\u011fretim Okulu\u2019nu, 1994 y\u0131l\u0131nda Bilkent \u00dcniversitesi M\u00fczik Haz\u0131rl\u0131k Okulu\u2019nu (\u015eimdiki ad\u0131yla \u0130hsan Do\u011framac\u0131 Vakf\u0131 \u00d6zel Bilkent Ankara Laboratuar \u0130lk\u00f6\u011fretim Okul ve Lisesi), 2008 y\u0131l\u0131nda \u0130hsan Do\u011framc\u0131 Vakf\u0131 \u00d6zel Bilkent Erzurum Laboratuar Lisesi\u2019ni ve en nihayetinde de \u0130hsan Do\u011framac\u0131 Vakf\u0131 \u00d6zel Bilkent Erbil \u0130lk\u00f6\u011fretim Okulu\u2019nu a\u00e7arak e\u011fitim alan\u0131nda ciddi yat\u0131r\u0131mlar ger\u00e7ekle\u015ftirmi\u015ftir.<\/p>\n<p>Profes\u00f6r Do\u011framac\u0131, 1994 y\u0131l\u0131n\u0131n Eyl\u00fcl ay\u0131nda \u00d6zel Bilkent \u0130lk\u00f6\u011fretim Okulunun a\u00e7\u0131l\u0131\u015f\u0131n\u0131 yapm\u0131\u015f ve e\u015fi Aysel Han\u0131mla birlikte okulu d\u00fczenli olarak ziyaret etmi\u015ftir.<\/p>\n<p>\u00d6zel Bilkent \u0130lk\u00f6\u011fretim Okulu, Kas\u0131m 2009\u2019da Bilkent Otelde on be\u015finci kurulu\u015f y\u0131ld\u00f6n\u00fcm\u00fcn\u00fc kutlam\u0131\u015f, kutlamaya okulun kurucusu Profes\u00f6r \u0130hsan Do\u011framac\u0131 ve Okul Kuruluyla birlikte \u00f6\u011frenciler, veliler, \u00f6\u011fretmenler ile toplumun \u00f6nde gelenleri ve \u00e7ok say\u0131da davetli kat\u0131lm\u0131\u015ft\u0131r. Bu duygusal ve ilham verici gecede, okul toplulu\u011funun \u00fcyeleri hayat\u0131n\u0131 nitelikli e\u011fitimin geli\u015ftirilmesine adam\u0131\u015f olan okul Kurucusuna olan minnet duygular\u0131n\u0131 g\u00f6sterme f\u0131rsat\u0131 bulmu\u015flard\u0131r.<\/p>\n<p>De\u011ferli Kurucumuz 25 \u015eubat 2010 g\u00fcn\u00fc aram\u0131zdan ayr\u0131lm\u0131\u015ft\u0131r. Onu her an bizlere sa\u011flad\u0131\u011f\u0131 olanaklar i\u00e7in minnetle ve sayg\u0131 ile an\u0131yoruz.<\/p>\n<p>Prof. Dr. \u0130hsan Do\u011framac\u0131 i\u00e7in haz\u0131rlanan Web Sayfas\u0131 i\u00e7in <a href=\"http:\/\/www.bilkent.edu.tr\/hocabey\" target=\"_blank\" rel=\"noopener\">TIKLAYINIZ.<\/a><\/p>\n","protected":false},"excerpt":{"rendered":"<p>Prof. Dr. \u0130hsan DO\u011eRAMACI Profes\u00f6r \u0130hsan Do\u011framac\u0131, 1938\u2019de \u0130stanbul T\u0131p Fak\u00fcltesinden mezun olduktan sonra, \u00f6nce Ankara\u2019daki Numune Hastanesinde, daha sonra ise Amerika Birle\u015fik Devletlerinde, Harvard \u00dcniversitesinin e\u011fitim hastanesi olan Boston [&hellip;]<\/p>\n","protected":false},"author":1,"featured_media":0,"parent":0,"menu_order":0,"comment_status":"closed","ping_status":"closed","template":"template-noright.php","meta":[],"_links":{"self":[{"href":"https:\/\/obi.bilkent.edu.tr\/index.php\/wp-json\/wp\/v2\/pages\/42"}],"collection":[{"href":"https:\/\/obi.bilkent.edu.tr\/index.php\/wp-json\/wp\/v2\/pages"}],"about":[{"href":"https:\/\/obi.bilkent.edu.tr\/index.php\/wp-json\/wp\/v2\/types\/page"}],"author":[{"embeddable":true,"href":"https:\/\/obi.bilkent.edu.tr\/index.php\/wp-json\/wp\/v2\/users\/1"}],"replies":[{"embeddable":true,"href":"https:\/\/obi.bilkent.edu.tr\/index.php\/wp-json\/wp\/v2\/comments?post=42"}],"version-history":[{"count":3,"href":"https:\/\/obi.bilkent.edu.tr\/index.php\/wp-json\/wp\/v2\/pages\/42\/revisions"}],"predecessor-version":[{"id":267,"href":"https:\/\/obi.bilkent.edu.tr\/index.php\/wp-json\/wp\/v2\/pages\/42\/revisions\/267"}],"wp:attachment":[{"href":"https:\/\/obi.bilkent.edu.tr\/index.php\/wp-json\/wp\/v2\/media?parent=42"}],"curies":[{"name":"wp","href":"https:\/\/api.w.org\/{rel}","templated":true}]}}