{"id":411,"date":"2025-02-26T11:00:16","date_gmt":"2025-02-26T08:00:16","guid":{"rendered":"https:\/\/obi.bilkent.edu.tr\/?page_id=411"},"modified":"2025-09-22T08:56:58","modified_gmt":"2025-09-22T05:56:58","slug":"2025-2026-egitim-ucreti","status":"publish","type":"page","link":"https:\/\/obi.bilkent.edu.tr\/index.php\/2025-2026-egitim-ucreti\/","title":{"rendered":"2025-2026 E\u011fitim \u00dccretimiz"},"content":{"rendered":"<p>&nbsp;<\/p>\n<table border=\"2px\" width=\"320\">\n<tbody>\n<tr>\n<td style=\"text-align: center;\" width=\"110\"><strong>Okul<\/strong><\/td>\n<td style=\"text-align: center;\" width=\"80\"><strong>S\u0131n\u0131f<\/strong><\/td>\n<td style=\"text-align: center;\" width=\"130\"><strong>\u00dccret<br \/>\n(Yemek Hari\u00e7)<\/strong><\/td>\n<\/tr>\n<tr>\n<td style=\"text-align: center;\">Okul \u00d6ncesi<\/td>\n<td style=\"text-align: center;\">5 ya\u015f<\/td>\n<td style=\"text-align: center;\">625.000<\/td>\n<\/tr>\n<tr>\n<td style=\"text-align: center;\">Okul \u00d6ncesi<\/td>\n<td style=\"text-align: center;\">6 ya\u015f<\/td>\n<td style=\"text-align: center;\">625.000<\/td>\n<\/tr>\n<tr>\n<td style=\"text-align: center;\">\u0130lkokul<\/td>\n<td style=\"text-align: center;\">\u00a01<\/td>\n<td style=\"text-align: center;\">550.000<\/td>\n<\/tr>\n<tr>\n<td style=\"text-align: center;\">\u0130lkokul<\/td>\n<td style=\"text-align: center;\">\u00a02<\/td>\n<td style=\"text-align: center;\">550.000<\/td>\n<\/tr>\n<tr>\n<td style=\"text-align: center;\">\u0130lkokul<\/td>\n<td style=\"text-align: center;\">\u00a03<\/td>\n<td style=\"text-align: center;\">405.000<\/td>\n<\/tr>\n<tr>\n<td style=\"text-align: center;\">\u0130lkokul<\/td>\n<td style=\"text-align: center;\">\u00a04<\/td>\n<td style=\"text-align: center;\">355.000<\/td>\n<\/tr>\n<tr>\n<td style=\"text-align: center;\">Ortaokul<\/td>\n<td style=\"text-align: center;\">\u00a05<\/td>\n<td style=\"text-align: center;\">500.000<\/td>\n<\/tr>\n<tr>\n<td style=\"text-align: center;\">Ortaokul<\/td>\n<td style=\"text-align: center;\">\u00a06<\/td>\n<td style=\"text-align: center;\">500.000<\/td>\n<\/tr>\n<tr>\n<td style=\"text-align: center;\">Ortaokul<\/td>\n<td style=\"text-align: center;\">\u00a07<\/td>\n<td style=\"text-align: center;\">340.000<\/td>\n<\/tr>\n<tr>\n<td style=\"text-align: center;\">Ortaokul<\/td>\n<td style=\"text-align: center;\">\u00a08<\/td>\n<td style=\"text-align: center;\">305.000<\/td>\n<\/tr>\n<tr>\n<td style=\"text-align: center;\">Lise<\/td>\n<td style=\"text-align: center;\">\u00a09<\/td>\n<td style=\"text-align: center;\">500.000<\/td>\n<\/tr>\n<tr>\n<td style=\"text-align: center;\">Lise<\/td>\n<td style=\"text-align: center;\">\u00a010<\/td>\n<td style=\"text-align: center;\">500.000<\/td>\n<\/tr>\n<tr>\n<td style=\"text-align: center;\">Lise<\/td>\n<td style=\"text-align: center;\">\u00a011<\/td>\n<td style=\"text-align: center;\">345.000<\/td>\n<\/tr>\n<tr>\n<td style=\"text-align: center;\">Lise<\/td>\n<td style=\"text-align: center;\">\u00a012<\/td>\n<td style=\"text-align: center;\">328.000<\/td>\n<\/tr>\n<\/tbody>\n<\/table>\n<p>&nbsp;<\/p>\n<p>Et\u00fct \u00fccreti KDV dahil (%10) 36.000 TL&#8217;dir.<br \/>\nOkul sonras\u0131 etkinlik \u00fccreti(etkinlik ba\u015f\u0131na) KDV dahil (%10) 59.000 TL&#8217;dir.<br \/>\n11. s\u0131n\u0131f UDSP \u00fccreti KDV dahil (%10) 91.500 TL&#8217;dir.<br \/>\n12. s\u0131n\u0131f UDSP \u00fccreti KDV dahil (%10) 58.615 TL&#8217;dir.<\/p>\n<ul>\n<li style=\"list-style-type: none;\">\n<ul>\n<li><strong>\u00dccretlere KDV dahildir (%10).<\/strong><\/li>\n<li><strong>Kay\u0131t tarihine kadar pe\u015fin \u00f6deme indirimi %10 dir.<\/strong><\/li>\n<li><strong>Yemek \u00fccreti KDV dahil (%10) 85.000 TL&#8217;dir.<\/strong><\/li>\n<li><strong>Bilkent Kurumlar\u0131nda aktif tam zamanl\u0131 bordrolu \u00e7al\u0131\u015fanlara, belli oranlarda mensup \u00e7al\u0131\u015fan indirimi uygulan\u0131r.<\/strong><\/li>\n<\/ul>\n<\/li>\n<\/ul>\n","protected":false},"excerpt":{"rendered":"<p>&nbsp; Okul S\u0131n\u0131f \u00dccret (Yemek Hari\u00e7) Okul \u00d6ncesi 5 ya\u015f 625.000 Okul \u00d6ncesi 6 ya\u015f 625.000 \u0130lkokul \u00a01 550.000 \u0130lkokul \u00a02 550.000 \u0130lkokul \u00a03 405.000 \u0130lkokul \u00a04 355.000 Ortaokul \u00a05 [&hellip;]<\/p>\n","protected":false},"author":1,"featured_media":0,"parent":0,"menu_order":0,"comment_status":"closed","ping_status":"closed","template":"","meta":[],"_links":{"self":[{"href":"https:\/\/obi.bilkent.edu.tr\/index.php\/wp-json\/wp\/v2\/pages\/411"}],"collection":[{"href":"https:\/\/obi.bilkent.edu.tr\/index.php\/wp-json\/wp\/v2\/pages"}],"about":[{"href":"https:\/\/obi.bilkent.edu.tr\/index.php\/wp-json\/wp\/v2\/types\/page"}],"author":[{"embeddable":true,"href":"https:\/\/obi.bilkent.edu.tr\/index.php\/wp-json\/wp\/v2\/users\/1"}],"replies":[{"embeddable":true,"href":"https:\/\/obi.bilkent.edu.tr\/index.php\/wp-json\/wp\/v2\/comments?post=411"}],"version-history":[{"count":19,"href":"https:\/\/obi.bilkent.edu.tr\/index.php\/wp-json\/wp\/v2\/pages\/411\/revisions"}],"predecessor-version":[{"id":500,"href":"https:\/\/obi.bilkent.edu.tr\/index.php\/wp-json\/wp\/v2\/pages\/411\/revisions\/500"}],"wp:attachment":[{"href":"https:\/\/obi.bilkent.edu.tr\/index.php\/wp-json\/wp\/v2\/media?parent=411"}],"curies":[{"name":"wp","href":"https:\/\/api.w.org\/{rel}","templated":true}]}}