{"id":409,"date":"2025-02-26T10:58:24","date_gmt":"2025-02-26T07:58:24","guid":{"rendered":"https:\/\/obi.bilkent.edu.tr\/?page_id=409"},"modified":"2025-02-26T11:07:42","modified_gmt":"2025-02-26T08:07:42","slug":"2024-2025-egitim-ucreti","status":"publish","type":"page","link":"https:\/\/obi.bilkent.edu.tr\/index.php\/2024-2025-egitim-ucreti\/","title":{"rendered":"2024-2025 E\u011fitim \u00dccreti"},"content":{"rendered":"<p><!--\n\n\n<h1 style=\"text-align: center;\"><span style=\"color: #0000ff;\"><strong>Yak\u0131nda Duyurulacakt\u0131r...<\/strong><\/span><\/h1>\n\n\n--><br \/>\nSay\u0131n Velilerimiz,<\/p>\n<p>2024\/2025 E\u011fitim ve \u00d6\u011fretim y\u0131l\u0131\u00a0 e\u011fitim \u00fccretimiz a\u015fa\u011f\u0131daki gibidir.<\/p>\n<p><a href=\"..\/..\/formlar\/Odeme20242025\/okuloncesi.pdf\" target=\"_blank\" rel=\"noopener\">Okul \u00d6ncesi<\/a><br \/>\n<a href=\"..\/..\/formlar\/Odeme20242025\/eu1.pdf\" target=\"_blank\" rel=\"noopener\">1.S\u0131n\u0131f<\/a><br \/>\n<a href=\"..\/..\/formlar\/Odeme20242025\/eu2.pdf\" target=\"_blank\" rel=\"noopener\">2.S\u0131n\u0131f<\/a><br \/>\n<a href=\"..\/..\/formlar\/Odeme20242025\/eu3.pdf\" target=\"_blank\" rel=\"noopener\">3.S\u0131n\u0131f<\/a><br \/>\n<a href=\"..\/..\/formlar\/Odeme20242025\/eu4.pdf\" target=\"_blank\" rel=\"noopener\">4.S\u0131n\u0131f<\/a><br \/>\n<a href=\"..\/..\/formlar\/Odeme20242025\/eu5.pdf\" target=\"_blank\" rel=\"noopener\">5.S\u0131n\u0131f<\/a><br \/>\n<a href=\"..\/..\/formlar\/Odeme20242025\/eu6.pdf\" target=\"_blank\" rel=\"noopener\">6.S\u0131n\u0131f<\/a><br \/>\n<a href=\"..\/..\/formlar\/Odeme20242025\/eu7.pdf\" target=\"_blank\" rel=\"noopener\">7.S\u0131n\u0131f<\/a><br \/>\n<a href=\"..\/..\/formlar\/Odeme20242025\/eu8.pdf\" target=\"_blank\" rel=\"noopener\">8.S\u0131n\u0131f<\/a><br \/>\n<a href=\"..\/..\/formlar\/Odeme20242025\/eu9.pdf\" target=\"_blank\" rel=\"noopener\">9.S\u0131n\u0131f<\/a><br \/>\n<a href=\"..\/..\/formlar\/Odeme20242025\/eu10.pdf\" target=\"_blank\" rel=\"noopener\">10.S\u0131n\u0131f<\/a><br \/>\n<a href=\"..\/..\/formlar\/Odeme20242025\/eu11.pdf\" target=\"_blank\" rel=\"noopener\">11.S\u0131n\u0131f<\/a><br \/>\n<a href=\"..\/..\/formlar\/Odeme20242025\/eu12.pdf\" target=\"_blank\" rel=\"noopener\">12.S\u0131n\u0131f<\/a><\/p>\n<p>Sayg\u0131lar\u0131m\u0131zla.<\/p>\n<p>\u0130DV \u00d6zel Bilkent Okullar\u0131 Y\u00f6netimi<\/p>\n","protected":false},"excerpt":{"rendered":"<p>Say\u0131n Velilerimiz, 2024\/2025 E\u011fitim ve \u00d6\u011fretim y\u0131l\u0131\u00a0 e\u011fitim \u00fccretimiz a\u015fa\u011f\u0131daki gibidir. Okul \u00d6ncesi 1.S\u0131n\u0131f 2.S\u0131n\u0131f 3.S\u0131n\u0131f 4.S\u0131n\u0131f 5.S\u0131n\u0131f 6.S\u0131n\u0131f 7.S\u0131n\u0131f 8.S\u0131n\u0131f 9.S\u0131n\u0131f 10.S\u0131n\u0131f 11.S\u0131n\u0131f 12.S\u0131n\u0131f Sayg\u0131lar\u0131m\u0131zla. \u0130DV \u00d6zel Bilkent Okullar\u0131 [&hellip;]<\/p>\n","protected":false},"author":1,"featured_media":0,"parent":0,"menu_order":0,"comment_status":"closed","ping_status":"closed","template":"","meta":[],"_links":{"self":[{"href":"https:\/\/obi.bilkent.edu.tr\/index.php\/wp-json\/wp\/v2\/pages\/409"}],"collection":[{"href":"https:\/\/obi.bilkent.edu.tr\/index.php\/wp-json\/wp\/v2\/pages"}],"about":[{"href":"https:\/\/obi.bilkent.edu.tr\/index.php\/wp-json\/wp\/v2\/types\/page"}],"author":[{"embeddable":true,"href":"https:\/\/obi.bilkent.edu.tr\/index.php\/wp-json\/wp\/v2\/users\/1"}],"replies":[{"embeddable":true,"href":"https:\/\/obi.bilkent.edu.tr\/index.php\/wp-json\/wp\/v2\/comments?post=409"}],"version-history":[{"count":1,"href":"https:\/\/obi.bilkent.edu.tr\/index.php\/wp-json\/wp\/v2\/pages\/409\/revisions"}],"predecessor-version":[{"id":410,"href":"https:\/\/obi.bilkent.edu.tr\/index.php\/wp-json\/wp\/v2\/pages\/409\/revisions\/410"}],"wp:attachment":[{"href":"https:\/\/obi.bilkent.edu.tr\/index.php\/wp-json\/wp\/v2\/media?parent=409"}],"curies":[{"name":"wp","href":"https:\/\/api.w.org\/{rel}","templated":true}]}}