{"id":365,"date":"2025-01-21T10:23:56","date_gmt":"2025-01-21T07:23:56","guid":{"rendered":"https:\/\/obi.bilkent.edu.tr\/?page_id=365"},"modified":"2025-01-21T11:32:54","modified_gmt":"2025-01-21T08:32:54","slug":"yabanci-ogretmen-alimi","status":"publish","type":"page","link":"https:\/\/obi.bilkent.edu.tr\/index.php\/yabanci-ogretmen-alimi\/","title":{"rendered":"Yabanc\u0131 \u00d6\u011fretmen Al\u0131m\u0131"},"content":{"rendered":"<ul>\n<li>Interested applicants are requested to submit an application form together with a recent (last 6 months) JPEG photo. All sections of the form should be completed and returned to <span style=\"color: #ffcc00;\"><strong><span style=\"color: #ff9900;\">oblik@bilkent.edu.tr<\/span><\/strong> <\/span>email address. All Applications remain strictly confidential. Please see below the application form.<\/li>\n<li>Candidates who are citizens of Republic of Turkey and want to apply for the position of English Language Teacher must fill out and return the below application form to <span style=\"color: #ffcc00;\"><strong><span style=\"color: #ff9900;\">oblik@bilkent.edu.tr<\/span><\/strong> <\/span>email address.<\/li>\n<\/ul>\n<p><a href=\"..\/..\/formlar\/basvuru\/application_form.doc\">Application Form<\/a><\/p>\n","protected":false},"excerpt":{"rendered":"<p>Interested applicants are requested to submit an application form together with a recent (last 6 months) JPEG photo. All sections of the form should be completed and returned to oblik@bilkent.edu.tr [&hellip;]<\/p>\n","protected":false},"author":2,"featured_media":0,"parent":0,"menu_order":0,"comment_status":"closed","ping_status":"closed","template":"","meta":[],"_links":{"self":[{"href":"https:\/\/obi.bilkent.edu.tr\/index.php\/wp-json\/wp\/v2\/pages\/365"}],"collection":[{"href":"https:\/\/obi.bilkent.edu.tr\/index.php\/wp-json\/wp\/v2\/pages"}],"about":[{"href":"https:\/\/obi.bilkent.edu.tr\/index.php\/wp-json\/wp\/v2\/types\/page"}],"author":[{"embeddable":true,"href":"https:\/\/obi.bilkent.edu.tr\/index.php\/wp-json\/wp\/v2\/users\/2"}],"replies":[{"embeddable":true,"href":"https:\/\/obi.bilkent.edu.tr\/index.php\/wp-json\/wp\/v2\/comments?post=365"}],"version-history":[{"count":6,"href":"https:\/\/obi.bilkent.edu.tr\/index.php\/wp-json\/wp\/v2\/pages\/365\/revisions"}],"predecessor-version":[{"id":380,"href":"https:\/\/obi.bilkent.edu.tr\/index.php\/wp-json\/wp\/v2\/pages\/365\/revisions\/380"}],"wp:attachment":[{"href":"https:\/\/obi.bilkent.edu.tr\/index.php\/wp-json\/wp\/v2\/media?parent=365"}],"curies":[{"name":"wp","href":"https:\/\/api.w.org\/{rel}","templated":true}]}}