{"id":278,"date":"2025-01-09T10:06:42","date_gmt":"2025-01-09T07:06:42","guid":{"rendered":"https:\/\/obi.bilkent.edu.tr\/?page_id=278"},"modified":"2025-01-09T10:06:42","modified_gmt":"2025-01-09T07:06:42","slug":"is-sagligi-ve-guvenligi-faaliyetlerimiz","status":"publish","type":"page","link":"https:\/\/obi.bilkent.edu.tr\/index.php\/is-sagligi-ve-guvenligi-faaliyetlerimiz\/","title":{"rendered":"\u0130\u015f Sa\u011fl\u0131\u011f\u0131 ve G\u00fcvenli\u011fi Faaliyetlerimiz"},"content":{"rendered":"<p>Okulumuzda 6331 Say\u0131l\u0131 \u0130\u015f Sa\u011fl\u0131\u011f\u0131 ve G\u00fcvenli\u011fi Kanunu kapsam\u0131nda \u0130\u015fyeri Hekimi ve Hem\u015firesi ve \u0130\u015f G\u00fcvenli\u011fi Uzman\u0131m\u0131z bulunmaktad\u0131r. Bu uzman kadro \u0131\u015f\u0131\u011f\u0131nda, i\u00e7erisinde okul yetkililerinin de oldu\u011fu bir Kurul ayl\u0131k d\u00fczenli olarak toplanmakta, kazalar ve i\u015f kazalar\u0131n\u0131 \u00f6nlemek ad\u0131na proaktif yakla\u015f\u0131m benimseyerek \u00e7al\u0131\u015fmalar yapmaktad\u0131r. \u0130\u015f G\u00fcvenli\u011fi Uzman\u0131 ve \u0130\u015f yeri Hekimi g\u00f6zetiminde d\u00fczenli denetimler yap\u0131larak s\u00fcrekli iyile\u015ftirme kurulumuzun hedefleri aras\u0131ndad\u0131r. \u00d6nceli\u011fimiz her zaman ki\u015fi ve can g\u00fcvenli\u011fidir. Bu sebeple de okullarda ya\u015fanabilecek acil durumlar tespit edilerek bunlara kar\u015f\u0131 haz\u0131rl\u0131kl\u0131 olmak ad\u0131na Acil Durum Ekipleri olu\u015fturularak alt\u0131 ayda bir d\u00fczenli tatbikatlar yap\u0131lmaktad\u0131r. Ayn\u0131 zamanda \u0130\u015f Sa\u011fl\u0131\u011f\u0131 ve G\u00fcvenli\u011fi\u2019nin \u00f6nemini hat\u0131rlatmak ve \u0130\u015f G\u00fcvenli\u011fi k\u00fclt\u00fcr\u00fcn\u00fcn olu\u015fmas\u0131 i\u00e7in t\u00fcm \u00e7al\u0131\u015fanlara y\u0131ll\u0131k d\u00fczenli e\u011fitimler verilmektedir.<\/p>\n<p>Okulumuzdaki her blok i\u00e7in ayr\u0131 ayr\u0131 olmak \u00fczere t\u00fcm katlarda, meydana gelebilecek yaralanmalara en k\u0131sa s\u00fcrede m\u00fcdahale edebilmek amac\u0131yla ilkyard\u0131m sertifikas\u0131 bulunan personelimiz g\u00f6revlendirilmi\u015ftir.<\/p>\n<p>\u00d6zel Bilkent \u0130lk ve Ortaokulu \u00e7al\u0131\u015fanlar\u0131 olarak g\u00fcvenli bir okul ortam\u0131 olu\u015fturmak ve bu ortam\u0131 korumak i\u00e7in t\u00fcm planlamalar yap\u0131lm\u0131\u015ft\u0131r.<\/p>\n","protected":false},"excerpt":{"rendered":"<p>Okulumuzda 6331 Say\u0131l\u0131 \u0130\u015f Sa\u011fl\u0131\u011f\u0131 ve G\u00fcvenli\u011fi Kanunu kapsam\u0131nda \u0130\u015fyeri Hekimi ve Hem\u015firesi ve \u0130\u015f G\u00fcvenli\u011fi Uzman\u0131m\u0131z bulunmaktad\u0131r. Bu uzman kadro \u0131\u015f\u0131\u011f\u0131nda, i\u00e7erisinde okul yetkililerinin de oldu\u011fu bir Kurul ayl\u0131k [&hellip;]<\/p>\n","protected":false},"author":1,"featured_media":0,"parent":0,"menu_order":0,"comment_status":"closed","ping_status":"closed","template":"template-noright.php","meta":[],"_links":{"self":[{"href":"https:\/\/obi.bilkent.edu.tr\/index.php\/wp-json\/wp\/v2\/pages\/278"}],"collection":[{"href":"https:\/\/obi.bilkent.edu.tr\/index.php\/wp-json\/wp\/v2\/pages"}],"about":[{"href":"https:\/\/obi.bilkent.edu.tr\/index.php\/wp-json\/wp\/v2\/types\/page"}],"author":[{"embeddable":true,"href":"https:\/\/obi.bilkent.edu.tr\/index.php\/wp-json\/wp\/v2\/users\/1"}],"replies":[{"embeddable":true,"href":"https:\/\/obi.bilkent.edu.tr\/index.php\/wp-json\/wp\/v2\/comments?post=278"}],"version-history":[{"count":1,"href":"https:\/\/obi.bilkent.edu.tr\/index.php\/wp-json\/wp\/v2\/pages\/278\/revisions"}],"predecessor-version":[{"id":279,"href":"https:\/\/obi.bilkent.edu.tr\/index.php\/wp-json\/wp\/v2\/pages\/278\/revisions\/279"}],"wp:attachment":[{"href":"https:\/\/obi.bilkent.edu.tr\/index.php\/wp-json\/wp\/v2\/media?parent=278"}],"curies":[{"name":"wp","href":"https:\/\/api.w.org\/{rel}","templated":true}]}}