{"id":275,"date":"2025-01-09T10:03:31","date_gmt":"2025-01-09T07:03:31","guid":{"rendered":"https:\/\/obi.bilkent.edu.tr\/?page_id=275"},"modified":"2025-01-09T10:03:31","modified_gmt":"2025-01-09T07:03:31","slug":"is-sagligi-ve-guvenliginin-onemi","status":"publish","type":"page","link":"https:\/\/obi.bilkent.edu.tr\/index.php\/is-sagligi-ve-guvenliginin-onemi\/","title":{"rendered":"\u0130\u015f Sa\u011fl\u0131\u011f\u0131 ve G\u00fcvenli\u011finin \u00d6nemi"},"content":{"rendered":"<p>\u0130statistik verilerine g\u00f6re T\u00fcrkiye\u2019de her g\u00fcn 172 i\u015f kazas\u0131 meydana gelmektedir. Bu kazalar sonucunda 4 ki\u015fi ya\u015fam\u0131n\u0131 yitirmekte ve 6 ki\u015fi ise s\u00fcrekli i\u015f g\u00f6remez hale gelmektedir. Ara\u015ft\u0131rmalara g\u00f6re meydana gelen kazalar\u0131n %98\u2019i \u00f6nlenebilir (\u0130\u015f kazalar\u0131n\u0131n y\u00fczde 50\u2019si kolayl\u0131kla, y\u00fczde 48\u2019i ise sistemli \u00e7al\u0131\u015fmayla \u00f6nlenebilmektedir.) kazalard\u0131r. Bu sebepten dolay\u0131 \u0130\u015f Sa\u011fl\u0131\u011f\u0131 ve G\u00fcvenli\u011fi s\u00fcrecinde yap\u0131lan e\u011fitimlerle \u00e7al\u0131\u015fanlar\u0131n \u0130\u015f G\u00fcvenli\u011fi K\u00fclt\u00fcr\u00fcn\u00fc kazanmalar\u0131, kolayl\u0131kla \u00f6nlenebilecek kazalar\u0131n \u00f6n\u00fcne ge\u00e7ilmesi a\u00e7\u0131s\u0131ndan b\u00fcy\u00fck \u00f6nem ta\u015f\u0131maktad\u0131r. <\/p>\n","protected":false},"excerpt":{"rendered":"<p>\u0130statistik verilerine g\u00f6re T\u00fcrkiye\u2019de her g\u00fcn 172 i\u015f kazas\u0131 meydana gelmektedir. Bu kazalar sonucunda 4 ki\u015fi ya\u015fam\u0131n\u0131 yitirmekte ve 6 ki\u015fi ise s\u00fcrekli i\u015f g\u00f6remez hale gelmektedir. Ara\u015ft\u0131rmalara g\u00f6re meydana [&hellip;]<\/p>\n","protected":false},"author":1,"featured_media":0,"parent":0,"menu_order":0,"comment_status":"closed","ping_status":"closed","template":"template-noright.php","meta":[],"_links":{"self":[{"href":"https:\/\/obi.bilkent.edu.tr\/index.php\/wp-json\/wp\/v2\/pages\/275"}],"collection":[{"href":"https:\/\/obi.bilkent.edu.tr\/index.php\/wp-json\/wp\/v2\/pages"}],"about":[{"href":"https:\/\/obi.bilkent.edu.tr\/index.php\/wp-json\/wp\/v2\/types\/page"}],"author":[{"embeddable":true,"href":"https:\/\/obi.bilkent.edu.tr\/index.php\/wp-json\/wp\/v2\/users\/1"}],"replies":[{"embeddable":true,"href":"https:\/\/obi.bilkent.edu.tr\/index.php\/wp-json\/wp\/v2\/comments?post=275"}],"version-history":[{"count":1,"href":"https:\/\/obi.bilkent.edu.tr\/index.php\/wp-json\/wp\/v2\/pages\/275\/revisions"}],"predecessor-version":[{"id":276,"href":"https:\/\/obi.bilkent.edu.tr\/index.php\/wp-json\/wp\/v2\/pages\/275\/revisions\/276"}],"wp:attachment":[{"href":"https:\/\/obi.bilkent.edu.tr\/index.php\/wp-json\/wp\/v2\/media?parent=275"}],"curies":[{"name":"wp","href":"https:\/\/api.w.org\/{rel}","templated":true}]}}