{"id":265,"date":"2025-01-09T09:30:47","date_gmt":"2025-01-09T06:30:47","guid":{"rendered":"https:\/\/obi.bilkent.edu.tr\/?page_id=265"},"modified":"2026-01-12T09:43:07","modified_gmt":"2026-01-12T06:43:07","slug":"hafta-ici-ve-hafta-sonu-etkinliklerimiz","status":"publish","type":"page","link":"https:\/\/obi.bilkent.edu.tr\/index.php\/hafta-ici-ve-hafta-sonu-etkinliklerimiz\/","title":{"rendered":"Hafta \u0130\u00e7i ve Hafta Sonu Etkinliklerimiz"},"content":{"rendered":"<p><a href=\"https:\/\/obi.bilkent.edu.tr\/formlar\/etkinlik\/2donem\/anasinifikurs.pdf\">Erken \u00c7ocukluk Hafta \u0130\u00e7i ve Hafta Sonu Etkinliklerimiz<\/a><\/p>\n<p><a href=\"https:\/\/obi.bilkent.edu.tr\/formlar\/etkinlik\/2donem\/ilkokulkurs.pdf\">\u0130lkokul\u00a0Hafta \u0130\u00e7i ve Hafta Sonu Etkinliklerimiz<\/a><\/p>\n<p><a href=\"https:\/\/obi.bilkent.edu.tr\/formlar\/etkinlik\/2donem\/ortaokulkurs.pdf\">Ortaokul\u00a0Hafta \u0130\u00e7i ve Hafta Sonu Etkinliklerimiz<\/a><\/p>\n<p><a href=\"https:\/\/obi.bilkent.edu.tr\/formlar\/etkinlik\/2donem\/katilimkurallari.pdf\">Okul Tak\u0131mlar\u0131- Yar\u0131\u015fma ve G\u00f6steri Gruplar\u0131 Kat\u0131l\u0131m Kurallar\u0131<\/a><\/p>\n<p><a href=\"https:\/\/obi.bilkent.edu.tr\/formlar\/etkinlik\/2donem\/kurstanitim.pdf\" target=\"_blank\" rel=\"noopener\">Hafta \u0130\u00e7i ve Hafta Sonu Etkinliklerimiz \u0130\u00e7in \u0130\u00e7erik Bilgilendirme<\/a><\/p>\n<p><a href=\"https:\/\/obi.bilkent.edu.tr\/formlar\/etkinlik\/2donem\/KayitAdimlari.pdf\" target=\"_blank\" rel=\"noopener\">K12&#8217;den Kay\u0131t Ad\u0131mlar\u0131<\/a><\/p>\n<p><a href=\"https:\/\/obi.bilkent.edu.tr\/formlar\/etkinlik\/2donem\/BilgilendirmeveKurallar.pdf\" target=\"_blank\" rel=\"noopener\">Kay\u0131t Ko\u015fullar\u0131m\u0131z<\/a><\/p>\n<p><a href=\"https:\/\/obi.bilkent.edu.tr\/formlar\/etkinlik\/2donem\/Takvim.pdf\" target=\"_blank\" rel=\"noopener\">\u00c7al\u0131\u015fma Takvimimiz<\/a><\/p>\n","protected":false},"excerpt":{"rendered":"<p>Erken \u00c7ocukluk Hafta \u0130\u00e7i ve Hafta Sonu Etkinliklerimiz \u0130lkokul\u00a0Hafta \u0130\u00e7i ve Hafta Sonu Etkinliklerimiz Ortaokul\u00a0Hafta \u0130\u00e7i ve Hafta Sonu Etkinliklerimiz Okul Tak\u0131mlar\u0131- Yar\u0131\u015fma ve G\u00f6steri Gruplar\u0131 Kat\u0131l\u0131m Kurallar\u0131 Hafta \u0130\u00e7i [&hellip;]<\/p>\n","protected":false},"author":1,"featured_media":0,"parent":0,"menu_order":0,"comment_status":"closed","ping_status":"closed","template":"template-noright.php","meta":[],"_links":{"self":[{"href":"https:\/\/obi.bilkent.edu.tr\/index.php\/wp-json\/wp\/v2\/pages\/265"}],"collection":[{"href":"https:\/\/obi.bilkent.edu.tr\/index.php\/wp-json\/wp\/v2\/pages"}],"about":[{"href":"https:\/\/obi.bilkent.edu.tr\/index.php\/wp-json\/wp\/v2\/types\/page"}],"author":[{"embeddable":true,"href":"https:\/\/obi.bilkent.edu.tr\/index.php\/wp-json\/wp\/v2\/users\/1"}],"replies":[{"embeddable":true,"href":"https:\/\/obi.bilkent.edu.tr\/index.php\/wp-json\/wp\/v2\/comments?post=265"}],"version-history":[{"count":8,"href":"https:\/\/obi.bilkent.edu.tr\/index.php\/wp-json\/wp\/v2\/pages\/265\/revisions"}],"predecessor-version":[{"id":546,"href":"https:\/\/obi.bilkent.edu.tr\/index.php\/wp-json\/wp\/v2\/pages\/265\/revisions\/546"}],"wp:attachment":[{"href":"https:\/\/obi.bilkent.edu.tr\/index.php\/wp-json\/wp\/v2\/media?parent=265"}],"curies":[{"name":"wp","href":"https:\/\/api.w.org\/{rel}","templated":true}]}}