{"id":263,"date":"2025-01-09T08:54:06","date_gmt":"2025-01-09T05:54:06","guid":{"rendered":"https:\/\/obi.bilkent.edu.tr\/?page_id=263"},"modified":"2025-01-09T09:24:26","modified_gmt":"2025-01-09T06:24:26","slug":"uluslararasi-baglantilarimiz","status":"publish","type":"page","link":"https:\/\/obi.bilkent.edu.tr\/index.php\/uluslararasi-baglantilarimiz\/","title":{"rendered":"Uluslararas\u0131 Ba\u011flant\u0131lar\u0131m\u0131z"},"content":{"rendered":"<table border=\"0\" width=\"800\">\n<tbody>\n<tr>\n<td align=\"center\"><span style=\"color: #0000ff;\"><strong>JOBLAND PROJES\u0130<\/strong><\/span><\/td>\n<td><\/td>\n<td align=\"center\"><span style=\"color: #0000ff;\"><strong>CATH PROJES\u0130<\/strong><\/span><\/td>\n<td align=\"center\"><\/td>\n<td align=\"center\"><strong><span style=\"color: #0000ff;\">PLEDGE PROJECT<\/span><\/strong><\/td>\n<\/tr>\n<tr>\n<td align=\"center\"><a href=\"https:\/\/www.joblandproject.eu\/\" target=\"_blank\" rel=\"noopener\"><img decoding=\"async\" src=\"..\/..\/images\/jobland.jpg\" width=\"300\" \/><\/a><\/td>\n<td><\/td>\n<td align=\"center\"><a href=\"..\/..\/formlar\/CATH.pdf\" target=\"_blank\" rel=\"noopener\"><img decoding=\"async\" src=\"..\/..\/images\/CATH.jpg\" alt=\"\" width=\"300\" \/><\/a><\/td>\n<td align=\"center\"><\/td>\n<td align=\"center\"><a href=\"..\/..\/formlar\/Pledge.pdf\" target=\"_blank\" rel=\"noopener\"><img decoding=\"async\" src=\"..\/..\/images\/pledge.png\" width=\"300\" \/><\/a><\/td>\n<\/tr>\n<tr>\n<td><\/td>\n<td><\/td>\n<td><\/td>\n<td><\/td>\n<td><\/td>\n<\/tr>\n<tr>\n<td align=\"center\"><strong><span style=\"color: #0000ff;\">COMENIUS I<\/span><\/strong><\/td>\n<td><\/td>\n<td align=\"center\"><strong><span style=\"color: #0000ff;\">COMENIUS II<\/span><\/strong><\/td>\n<td align=\"center\"><\/td>\n<td align=\"center\"><strong><span style=\"color: #0000ff;\">ECO-SCHOOL<\/span><\/strong><\/td>\n<\/tr>\n<tr>\n<td align=\"center\"><a href=\"http:\/\/www.bilkent.edu.tr\/~comenius\" target=\"_blank\" rel=\"noopener\"><img decoding=\"async\" src=\"..\/..\/images\/comenius1.jpg\" width=\"300\" \/><\/a><\/td>\n<td><\/td>\n<td align=\"center\"><a href=\"http:\/\/www.bilkent.edu.tr\/~comenius\/comenius2\/index.html\" target=\"_blank\" rel=\"noopener\"><img decoding=\"async\" src=\"..\/..\/images\/comenius2.jpg\" width=\"300\" \/><\/a><\/td>\n<td align=\"center\"><\/td>\n<td align=\"center\"><a href=\"https:\/\/obi.bilkent.edu.tr\/index.php\/eko-okul\/\" target=\"_blank\" rel=\"noopener\"><img decoding=\"async\" src=\"..\/..\/images\/ecoschool.jpg\" width=\"300\" \/><\/a><\/td>\n<\/tr>\n<\/tbody>\n<\/table>\n","protected":false},"excerpt":{"rendered":"<p>JOBLAND PROJES\u0130 CATH PROJES\u0130 PLEDGE PROJECT COMENIUS I COMENIUS II ECO-SCHOOL<\/p>\n","protected":false},"author":1,"featured_media":0,"parent":0,"menu_order":0,"comment_status":"closed","ping_status":"closed","template":"template-noright.php","meta":[],"_links":{"self":[{"href":"https:\/\/obi.bilkent.edu.tr\/index.php\/wp-json\/wp\/v2\/pages\/263"}],"collection":[{"href":"https:\/\/obi.bilkent.edu.tr\/index.php\/wp-json\/wp\/v2\/pages"}],"about":[{"href":"https:\/\/obi.bilkent.edu.tr\/index.php\/wp-json\/wp\/v2\/types\/page"}],"author":[{"embeddable":true,"href":"https:\/\/obi.bilkent.edu.tr\/index.php\/wp-json\/wp\/v2\/users\/1"}],"replies":[{"embeddable":true,"href":"https:\/\/obi.bilkent.edu.tr\/index.php\/wp-json\/wp\/v2\/comments?post=263"}],"version-history":[{"count":1,"href":"https:\/\/obi.bilkent.edu.tr\/index.php\/wp-json\/wp\/v2\/pages\/263\/revisions"}],"predecessor-version":[{"id":264,"href":"https:\/\/obi.bilkent.edu.tr\/index.php\/wp-json\/wp\/v2\/pages\/263\/revisions\/264"}],"wp:attachment":[{"href":"https:\/\/obi.bilkent.edu.tr\/index.php\/wp-json\/wp\/v2\/media?parent=263"}],"curies":[{"name":"wp","href":"https:\/\/api.w.org\/{rel}","templated":true}]}}