{"id":221,"date":"2023-07-01T09:23:06","date_gmt":"2023-07-01T06:23:06","guid":{"rendered":"https:\/\/obi.bilkent.edu.tr\/?page_id=221"},"modified":"2025-11-20T11:34:57","modified_gmt":"2025-11-20T08:34:57","slug":"ortaokul-iletisim","status":"publish","type":"page","link":"https:\/\/obi.bilkent.edu.tr\/index.php\/ortaokul-iletisim\/","title":{"rendered":"Ortaokul \u0130leti\u015fim"},"content":{"rendered":"<table border=\"0\" width=\"auto\" align=\"left\">\n<tbody>\n<tr>\n<td align=\"center\"><\/td>\n<td><\/td>\n<td align=\"center\"><\/td>\n<td><\/td>\n<\/tr>\n<tr>\n<td align=\"center\">Ali K\u00dc\u00c7\u00dcKAY<\/td>\n<td><\/td>\n<td align=\"center\">Berk \u00d6ZKALENDER<\/td>\n<td><\/td>\n<\/tr>\n<tr>\n<td align=\"center\">Ortaokul M\u00fcd\u00fcr\u00fcm\u00fcz<\/td>\n<td><\/td>\n<td align=\"center\">Ortaokul M\u00fcd\u00fcr Yard\u0131mc\u0131m\u0131z<\/td>\n<td><\/td>\n<\/tr>\n<\/tbody>\n<\/table>\n<p>&nbsp;<\/p>\n<p>&nbsp;<\/p>\n<p>Ortaokul M\u00fcd\u00fcr\u00fcm\u00fcz ve Ortaokul M\u00fcd\u00fcr Yard\u0131mc\u0131m\u0131zdan Randevu Almak i\u00e7in,<\/p>\n<table border=\"0\" width=\"auto\" align=\"left\">\n<tbody>\n<tr>\n<td align=\"center\">Sn. Selma I\u015eIK:<\/td>\n<td><\/td>\n<td align=\"center\">Sn. Bur\u00e7in ERZURUMLU:<\/td>\n<td><\/td>\n<\/tr>\n<tr>\n<td align=\"center\"><a href=\"mailto:selma.isik@bilkent.edu.tr\">selma.isik@bilkent.edu.tr<\/a><\/td>\n<td><\/td>\n<td align=\"center\"><a href=\"mailto:tburcin@bilkent.edu.tr\">tburcin@bilkent.edu.tr<\/a><\/td>\n<td><\/td>\n<\/tr>\n<tr>\n<td align=\"center\">Telefon: (0312) 290 83\u00a055<\/td>\n<td><\/td>\n<td align=\"center\">Telefon: (0312) 290 83\u00a060<\/td>\n<td><\/td>\n<\/tr>\n<\/tbody>\n<\/table>\n<p>&nbsp;<\/p>\n","protected":false},"excerpt":{"rendered":"<p>Ali K\u00dc\u00c7\u00dcKAY Berk \u00d6ZKALENDER Ortaokul M\u00fcd\u00fcr\u00fcm\u00fcz Ortaokul M\u00fcd\u00fcr Yard\u0131mc\u0131m\u0131z &nbsp; &nbsp; Ortaokul M\u00fcd\u00fcr\u00fcm\u00fcz ve Ortaokul M\u00fcd\u00fcr Yard\u0131mc\u0131m\u0131zdan Randevu Almak i\u00e7in, Sn. Selma I\u015eIK: Sn. Bur\u00e7in ERZURUMLU: selma.isik@bilkent.edu.tr tburcin@bilkent.edu.tr Telefon: (0312) [&hellip;]<\/p>\n","protected":false},"author":1,"featured_media":0,"parent":0,"menu_order":0,"comment_status":"closed","ping_status":"closed","template":"template-noright.php","meta":[],"_links":{"self":[{"href":"https:\/\/obi.bilkent.edu.tr\/index.php\/wp-json\/wp\/v2\/pages\/221"}],"collection":[{"href":"https:\/\/obi.bilkent.edu.tr\/index.php\/wp-json\/wp\/v2\/pages"}],"about":[{"href":"https:\/\/obi.bilkent.edu.tr\/index.php\/wp-json\/wp\/v2\/types\/page"}],"author":[{"embeddable":true,"href":"https:\/\/obi.bilkent.edu.tr\/index.php\/wp-json\/wp\/v2\/users\/1"}],"replies":[{"embeddable":true,"href":"https:\/\/obi.bilkent.edu.tr\/index.php\/wp-json\/wp\/v2\/comments?post=221"}],"version-history":[{"count":7,"href":"https:\/\/obi.bilkent.edu.tr\/index.php\/wp-json\/wp\/v2\/pages\/221\/revisions"}],"predecessor-version":[{"id":539,"href":"https:\/\/obi.bilkent.edu.tr\/index.php\/wp-json\/wp\/v2\/pages\/221\/revisions\/539"}],"wp:attachment":[{"href":"https:\/\/obi.bilkent.edu.tr\/index.php\/wp-json\/wp\/v2\/media?parent=221"}],"curies":[{"name":"wp","href":"https:\/\/api.w.org\/{rel}","templated":true}]}}