{"id":219,"date":"2023-07-01T09:22:55","date_gmt":"2023-07-01T06:22:55","guid":{"rendered":"https:\/\/obi.bilkent.edu.tr\/?page_id=219"},"modified":"2025-01-09T10:45:39","modified_gmt":"2025-01-09T07:45:39","slug":"ilkokul-iletisim","status":"publish","type":"page","link":"https:\/\/obi.bilkent.edu.tr\/index.php\/ilkokul-iletisim\/","title":{"rendered":"\u0130lkokul \u0130leti\u015fim"},"content":{"rendered":"<table border=\"0\" width=\"auto\" align=\"left\">\n<tbody>\n<tr>\n<td align=\"center\"><img decoding=\"async\" style=\"padding-right: 10px;\" src=\"..\/..\/images\/aysungemalmayan.jpg\" width=\"200\" \/><\/td>\n<td><\/td>\n<td align=\"center\"><img decoding=\"async\" style=\"padding-right: 10px;\" src=\"..\/..\/images\/nurseluyar.jpg\" width=\"200\" \/><\/td>\n<td><\/td>\n<td align=\"center\"><img decoding=\"async\" style=\"padding-right: 10px;\" src=\"..\/..\/images\/sevsin.jpg\" width=\"200\" \/><\/td>\n<\/tr>\n<tr>\n<td align=\"center\">\u00a0Aysun GEMALMAYAN<\/td>\n<td><\/td>\n<td align=\"center\">Nursel UYAR DALKILI\u00c7<\/td>\n<td><\/td>\n<td align=\"center\">Sevsin Sinem ARAS<\/td>\n<\/tr>\n<tr>\n<td align=\"center\">\u0130lkokul M\u00fcd\u00fcr\u00fcm\u00fcz<\/td>\n<td><\/td>\n<td align=\"center\">Okul \u00d6ncesi\u00a0M\u00fcd\u00fcr Yard\u0131mc\u0131m\u0131z<\/td>\n<td><\/td>\n<td align=\"center\">\u0130lkokul M\u00fcd\u00fcr Yard\u0131mc\u0131m\u0131z<\/td>\n<\/tr>\n<\/tbody>\n<\/table>\n<p>&nbsp;<br \/>\n&nbsp;<br \/>\n&nbsp;<br \/>\n&nbsp;<br \/>\n&nbsp;<br \/>\n&nbsp;<br \/>\n&nbsp;<br \/>\n&nbsp;<br \/>\n&nbsp;<br \/>\n&nbsp;<br \/>\n&nbsp;<br \/>\n&nbsp;<\/p>\n<p align=\"center\">\u0130lkokul M\u00fcd\u00fcr\u00fcm\u00fcz ve \u0130lkokul M\u00fcd\u00fcr Yard\u0131mc\u0131lar\u0131m\u0131zdan Randevu Almak i\u00e7in,<\/p>\n<table border=\"0\" width=\"auto\" align=\"center\">\n<tbody align=\"center\">\n<tr>\n<td align=\"center\">Sn. Naile MET\u0130N:<\/td>\n<td><\/td>\n<td align=\"center\">Sn. Suzan ATABEY AKBA\u015e:<\/td>\n<td><\/td>\n<\/tr>\n<tr>\n<td align=\"center\">E-posta:\u00a0<a href=\"mailto:nailemetin@bilkent.edu.tr\"><span style=\"color: #339900;\">nailemetin@bilkent.edu.tr<\/span><\/a><\/td>\n<td><\/td>\n<td align=\"center\">E-posta:\u00a0<a href=\"mailto:suzan.akbas@bilkent.edu.tr\"><span style=\"color: #339900;\">suzan.akbas@bilkent.edu.tr<\/span><\/a><\/td>\n<td><\/td>\n<\/tr>\n<tr>\n<td align=\"center\">Tel: 290 83 44<\/td>\n<td><\/td>\n<td align=\"center\">Tel: 290 83 33<\/td>\n<td><\/td>\n<\/tr>\n<\/tbody>\n<\/table>\n","protected":false},"excerpt":{"rendered":"<p>\u00a0Aysun GEMALMAYAN Nursel UYAR DALKILI\u00c7 Sevsin Sinem ARAS \u0130lkokul M\u00fcd\u00fcr\u00fcm\u00fcz Okul \u00d6ncesi\u00a0M\u00fcd\u00fcr Yard\u0131mc\u0131m\u0131z \u0130lkokul M\u00fcd\u00fcr Yard\u0131mc\u0131m\u0131z &nbsp; &nbsp; &nbsp; &nbsp; &nbsp; &nbsp; &nbsp; &nbsp; &nbsp; &nbsp; &nbsp; &nbsp; \u0130lkokul M\u00fcd\u00fcr\u00fcm\u00fcz [&hellip;]<\/p>\n","protected":false},"author":1,"featured_media":0,"parent":0,"menu_order":0,"comment_status":"closed","ping_status":"closed","template":"template-noright.php","meta":[],"_links":{"self":[{"href":"https:\/\/obi.bilkent.edu.tr\/index.php\/wp-json\/wp\/v2\/pages\/219"}],"collection":[{"href":"https:\/\/obi.bilkent.edu.tr\/index.php\/wp-json\/wp\/v2\/pages"}],"about":[{"href":"https:\/\/obi.bilkent.edu.tr\/index.php\/wp-json\/wp\/v2\/types\/page"}],"author":[{"embeddable":true,"href":"https:\/\/obi.bilkent.edu.tr\/index.php\/wp-json\/wp\/v2\/users\/1"}],"replies":[{"embeddable":true,"href":"https:\/\/obi.bilkent.edu.tr\/index.php\/wp-json\/wp\/v2\/comments?post=219"}],"version-history":[{"count":11,"href":"https:\/\/obi.bilkent.edu.tr\/index.php\/wp-json\/wp\/v2\/pages\/219\/revisions"}],"predecessor-version":[{"id":311,"href":"https:\/\/obi.bilkent.edu.tr\/index.php\/wp-json\/wp\/v2\/pages\/219\/revisions\/311"}],"wp:attachment":[{"href":"https:\/\/obi.bilkent.edu.tr\/index.php\/wp-json\/wp\/v2\/media?parent=219"}],"curies":[{"name":"wp","href":"https:\/\/api.w.org\/{rel}","templated":true}]}}