{"id":217,"date":"2023-07-01T09:22:35","date_gmt":"2023-07-01T06:22:35","guid":{"rendered":"https:\/\/obi.bilkent.edu.tr\/?page_id=217"},"modified":"2025-01-10T11:03:31","modified_gmt":"2025-01-10T08:03:31","slug":"is-basvuru-formu","status":"publish","type":"page","link":"https:\/\/obi.bilkent.edu.tr\/index.php\/is-basvuru-formu\/","title":{"rendered":"\u0130\u015f Ba\u015fvuru Formu"},"content":{"rendered":"<ul>\n<li>Okulumuza <strong>\u0130ngilizce \u00d6\u011fretmenli\u011fi<\/strong> i\u00e7in ba\u015fvuruda bulunmak isteyen adaylar\u0131n mutlaka a\u015fa\u011f\u0131da bulunan Application Formunu (\u0130ngilizce \u0130\u015f Ba\u015fvuru formu) eksiksiz olarak doldurup <span style=\"color: #ffcc00;\"><strong><span style=\"color: #ff9900;\">oblik@bilkent.edu.tr<\/span><\/strong>\u00a0<\/span>adresine eposta ile g\u00f6ndermeleri gerekmektedir.<\/li>\n<\/ul>\n<p><a href=\"..\/..\/formlar\/basvuru\/application_form.doc\">Application Form<\/a><\/p>\n<p>&nbsp;<\/p>\n<ul>\n<li>Okulumuza <strong>Di\u011fer Bran\u015flar<\/strong>\u00a0i\u00e7in ba\u015fvuruda bulunmak isteyen adaylar\u0131n a\u015fa\u011f\u0131da bulunan \u0130\u015f Ba\u015fvuru Formunu eksiksiz doldurarak <strong><span style=\"color: #ff9900;\">oblik@bilkent.edu.tr<\/span><\/strong> adresine eposta ile g\u00f6ndermeleri gerekmektedir.<\/li>\n<\/ul>\n<p><a href=\"..\/..\/formlar\/basvuru\/is_basvuru_formu.docx\">\u0130\u015f Ba\u015fvuru Formu<\/a><\/p>\n<p><em>Not: CV ile yap\u0131lan ba\u015fvurular de\u011ferlendirmeye al\u0131nmamaktad\u0131r.<\/em><\/p>\n","protected":false},"excerpt":{"rendered":"<p>Okulumuza \u0130ngilizce \u00d6\u011fretmenli\u011fi i\u00e7in ba\u015fvuruda bulunmak isteyen adaylar\u0131n mutlaka a\u015fa\u011f\u0131da bulunan Application Formunu (\u0130ngilizce \u0130\u015f Ba\u015fvuru formu) eksiksiz olarak doldurup oblik@bilkent.edu.tr\u00a0adresine eposta ile g\u00f6ndermeleri gerekmektedir. Application Form &nbsp; Okulumuza Di\u011fer [&hellip;]<\/p>\n","protected":false},"author":1,"featured_media":0,"parent":0,"menu_order":0,"comment_status":"closed","ping_status":"closed","template":"template-noright.php","meta":[],"_links":{"self":[{"href":"https:\/\/obi.bilkent.edu.tr\/index.php\/wp-json\/wp\/v2\/pages\/217"}],"collection":[{"href":"https:\/\/obi.bilkent.edu.tr\/index.php\/wp-json\/wp\/v2\/pages"}],"about":[{"href":"https:\/\/obi.bilkent.edu.tr\/index.php\/wp-json\/wp\/v2\/types\/page"}],"author":[{"embeddable":true,"href":"https:\/\/obi.bilkent.edu.tr\/index.php\/wp-json\/wp\/v2\/users\/1"}],"replies":[{"embeddable":true,"href":"https:\/\/obi.bilkent.edu.tr\/index.php\/wp-json\/wp\/v2\/comments?post=217"}],"version-history":[{"count":4,"href":"https:\/\/obi.bilkent.edu.tr\/index.php\/wp-json\/wp\/v2\/pages\/217\/revisions"}],"predecessor-version":[{"id":331,"href":"https:\/\/obi.bilkent.edu.tr\/index.php\/wp-json\/wp\/v2\/pages\/217\/revisions\/331"}],"wp:attachment":[{"href":"https:\/\/obi.bilkent.edu.tr\/index.php\/wp-json\/wp\/v2\/media?parent=217"}],"curies":[{"name":"wp","href":"https:\/\/api.w.org\/{rel}","templated":true}]}}