{"id":203,"date":"2023-07-01T09:20:00","date_gmt":"2023-07-01T06:20:00","guid":{"rendered":"https:\/\/obi.bilkent.edu.tr\/?page_id=203"},"modified":"2025-01-10T10:56:47","modified_gmt":"2025-01-10T07:56:47","slug":"servis","status":"publish","type":"page","link":"https:\/\/obi.bilkent.edu.tr\/index.php\/servis\/","title":{"rendered":"Servis"},"content":{"rendered":"<div align=\"center\">\n<table border=\"0\" width=\"300\">\n<tbody>\n<tr>\n<td style=\"text-align: center;\">\u00a0<img decoding=\"async\" loading=\"lazy\" class=\"aligncenter size-full wp-image-1836\" src=\"..\/..\/images\/Servis.jpg\" alt=\"\" width=\"1068\" height=\"1368\" \/><\/td>\n<\/tr>\n<tr>\n<td align=\"center\">Ebru S\u00d6YLEMEZ<\/td>\n<\/tr>\n<\/tbody>\n<\/table>\n<\/div>\n<p>&nbsp;<\/p>\n<p>\u0130DV \u00d6zel Bilkent \u0130lkokulu,Ortaokulu ve Lisesi \u00f6\u011frenci servis ta\u015f\u0131mac\u0131l\u0131\u011f\u0131 K\u00d6KER TUR\u0130ZM taraf\u0131ndan y\u00fcr\u00fct\u00fclmektedir. 2021-2022 E\u011fitim-\u00d6\u011fretim y\u0131l\u0131 \u00f6\u011frenci servis kay\u0131tlar\u0131m\u0131z \u00d6zel Bilkent ilk ve Ortaokul binas\u0131nda yer alan Servis b\u00fcrosunda yap\u0131lmaktad\u0131r.<\/p>\n<p>K\u00d6KER TUR\u0130ZM<\/p>\n<p>\u0130LET\u0130\u015e\u0130M<br \/>\nK\u00f6ker Turizm Servis Sorumlusu Say\u0131n Ebru S\u00d6YLEMEZ ile 290 83 77 ya da 0535 542 46 43 telefon numaras\u0131ndan ileti\u015fime ge\u00e7ebilirsiniz.<\/p>\n","protected":false},"excerpt":{"rendered":"<p>\u00a0 Ebru S\u00d6YLEMEZ &nbsp; \u0130DV \u00d6zel Bilkent \u0130lkokulu,Ortaokulu ve Lisesi \u00f6\u011frenci servis ta\u015f\u0131mac\u0131l\u0131\u011f\u0131 K\u00d6KER TUR\u0130ZM taraf\u0131ndan y\u00fcr\u00fct\u00fclmektedir. 2021-2022 E\u011fitim-\u00d6\u011fretim y\u0131l\u0131 \u00f6\u011frenci servis kay\u0131tlar\u0131m\u0131z \u00d6zel Bilkent ilk ve Ortaokul binas\u0131nda yer [&hellip;]<\/p>\n","protected":false},"author":1,"featured_media":0,"parent":0,"menu_order":0,"comment_status":"closed","ping_status":"closed","template":"template-noright.php","meta":[],"_links":{"self":[{"href":"https:\/\/obi.bilkent.edu.tr\/index.php\/wp-json\/wp\/v2\/pages\/203"}],"collection":[{"href":"https:\/\/obi.bilkent.edu.tr\/index.php\/wp-json\/wp\/v2\/pages"}],"about":[{"href":"https:\/\/obi.bilkent.edu.tr\/index.php\/wp-json\/wp\/v2\/types\/page"}],"author":[{"embeddable":true,"href":"https:\/\/obi.bilkent.edu.tr\/index.php\/wp-json\/wp\/v2\/users\/1"}],"replies":[{"embeddable":true,"href":"https:\/\/obi.bilkent.edu.tr\/index.php\/wp-json\/wp\/v2\/comments?post=203"}],"version-history":[{"count":4,"href":"https:\/\/obi.bilkent.edu.tr\/index.php\/wp-json\/wp\/v2\/pages\/203\/revisions"}],"predecessor-version":[{"id":329,"href":"https:\/\/obi.bilkent.edu.tr\/index.php\/wp-json\/wp\/v2\/pages\/203\/revisions\/329"}],"wp:attachment":[{"href":"https:\/\/obi.bilkent.edu.tr\/index.php\/wp-json\/wp\/v2\/media?parent=203"}],"curies":[{"name":"wp","href":"https:\/\/api.w.org\/{rel}","templated":true}]}}