{"id":199,"date":"2023-07-01T09:19:35","date_gmt":"2023-07-01T06:19:35","guid":{"rendered":"https:\/\/obi.bilkent.edu.tr\/?page_id=199"},"modified":"2025-09-12T09:17:27","modified_gmt":"2025-09-12T06:17:27","slug":"okul-kiyafeti","status":"publish","type":"page","link":"https:\/\/obi.bilkent.edu.tr\/index.php\/okul-kiyafeti\/","title":{"rendered":"Okul K\u0131yafeti"},"content":{"rendered":"<p>De\u011ferli Velilerimiz,<\/p>\n<p>Okulumuzun e\u011fitim-\u00f6\u011fretim faaliyetlerinin temel unsurlardan biri de okul k\u00fclt\u00fcr\u00fcn\u00fc ve aidiyet duygusunu peki\u015ftiren okul k\u0131yafeti uygulamas\u0131d\u0131r. Ayn\u0131 zamanda Milli E\u011fitim Bakanl\u0131\u011f\u0131 y\u00f6netmelikleri gere\u011fi \u00f6\u011frencilerimizin belirlenen okul k\u0131yafetlerini giymeleri zorunludur. Bu nedenle, \u00f6\u011frencilerimizin okul i\u00e7inde ve okul gezilerinde bir b\u00fct\u00fcnl\u00fck ve disiplin i\u00e7erisinde bulunmalar\u0131n\u0131 sa\u011flamak, sosyoekonomik farkl\u0131l\u0131klar\u0131n olu\u015fturabilece\u011fi olumsuz etkileri \u00f6nlemek ve \u00f6\u011frencilerimize bu bilinci kazand\u0131rmak amac\u0131yla okullar\u0131m\u0131z k\u0131yafet y\u00f6netmeli\u011fi do\u011frultusunda k\u0131yafet standartlar\u0131 belirlenmi\u015ftir.<\/p>\n<p>Belirlenen standartlar ba\u011flam\u0131nda, t\u00fcm \u00f6\u011frencilerimizden okul web sitemizde detaylar\u0131yla belirtilen k\u0131yafet kurallar\u0131na uygun \u015fekilde giyinmeleri beklenmektedir. Okul k\u0131yafetlerimizde arma ya da Bilkent logosu olmas\u0131 tercihe ba\u011fl\u0131d\u0131r.<\/p>\n<p><strong>K\u0131yafet ve Logo Temini<\/strong><br \/>\n\u00d6\u011frencilerimizin okul g\u00fcnlerinde giymeleri gereken k\u0131yafetler, belirli renkteki alt ve \u00fcst giyim \u00fcr\u00fcnlerinden olu\u015fmaktad\u0131r.<\/p>\n<p>Velilerimiz, ekonomik tercihler ve imk\u00e2nlar do\u011frultusunda s\u00f6z konusu k\u0131yafetleri diledikleri yerlerden temin edebilirler. Bu durumda temin edilen k\u0131yafetlerin renk ve bi\u00e7im bak\u0131m\u0131ndan web sitemizde ilan edilen standartlara uygun olmas\u0131 beklenmektedir. Yan\u0131 s\u0131ra, temin edilen k\u0131yafetlerde herhangi bir ba\u015fka logo, yaz\u0131, sembol, resim ve\/veya bask\u0131 olmamas\u0131 gerekmektedir.<\/p>\n<p>Bu do\u011frultuda, siz de\u011ferli velilerimizin konuya g\u00f6sterdi\u011fi hassasiyet ve i\u015f birli\u011fi i\u00e7in te\u015fekk\u00fcr eder, sayg\u0131lar\u0131m\u0131z sunar\u0131z.<\/p>\n<p><a href=\"https:\/\/obi.bilkent.edu.tr\/formlar\/kiyafet\/KiyafetOO.pdf\" target=\"_blank\" rel=\"noopener\">Okul\u00f6ncesi k\u0131yafetleri<\/a><\/p>\n<p><a href=\"https:\/\/obi.bilkent.edu.tr\/formlar\/kiyafet\/Kiyafetilk.pdf\" target=\"_blank\" rel=\"noopener\">\u0130lkokul k\u0131yafetleri<\/a><\/p>\n<p><a href=\"https:\/\/obi.bilkent.edu.tr\/formlar\/kiyafet\/Kiyafetorta.pdf\" target=\"_blank\" rel=\"noopener\">Ortaokul k\u0131yafetleri<\/a><\/p>\n<p><a href=\"https:\/\/obi.bilkent.edu.tr\/formlar\/kiyafet\/KiyafetUygulamasi.pdf\" target=\"_blank\" rel=\"noopener\">Lise k\u0131yafetleri<\/a><\/p>\n<p>&nbsp;<\/p>\n<p>\u0130DV \u00d6zel Bilkent Okullar\u0131 Y\u00f6netimi<!--\n\n\n<div align=\"center\"><img decoding=\"async\" src=\"..\/..\/images\/arzu.jpg\" width=\"200\" \/><\/div>\n\n\n\n\n<p align=\"center\">Arzu \u00dcNAL<\/p>\n\n\n2020-2021 okul k\u0131yafetlerinizi\u00a0 <a href=\"http:\/\/www.mnmbilkent.com\">www.mnmbilkent.com<\/a> adresinden alabilirsiniz.\u00a0 Detayl\u0131 bilgi almak isterseniz\u00a0 535 349 03 04 NO.lu telefondan\u00a0 \u00a0Arzu \u00dcNAL ile ileti\u015fime ge\u00e7ebilirsiniz.\n\n\u015eirketimiz, her \u015feyden \u00f6nce \"bu giyisileri kendi \u00e7ocu\u011fuma g\u00f6n\u00fcl rahatl\u0131\u011f\u0131 ile giydirebilir miyim?\" felsefesine g\u00f6re okul formalar\u0131n\u0131 \u00fcretmektedir. Buna g\u00f6re tamamen sertifikal\u0131 yerli pamuk, yerli elyaf, yerli boya, yerli fermuar gibi malzemeler kullanarak \u00fcr\u00fcnlerimizi haz\u0131rlar\u0131z.\n\nSanayi ve Ticaret odalar\u0131ndan al\u0131nm\u0131\u015f onayl\u0131 yeterlilik belgeleri ve kapasite raporlar\u0131yla mamullerini kendi at\u00f6lyelerinde \u00fcretebilen ender bir i\u015fletmeyiz. Kalifiye ekibimizle, gereksinim duyuldu\u011funda \u00f6\u011frenciye \u00f6zel, \u00f6l\u00e7\u00fc alarak ihtiyaca uygun bedenlerde forma \u00fcretmenin yan\u0131 s\u0131ra, bardak, yast\u0131k, ya\u011fmurluk, mont gibi okulumuzun logosunu ta\u015f\u0131yan \u00fcr\u00fcnlerde tasarlamakta ve sat\u0131\u015f ofisimizde sat\u0131\u015fa sunmaktay\u0131z.\n\n&nbsp;\n\n\u0130leti\u015fim:\nArzu \u00dcNAL\nCep: 0535 349 03 04\nOfis: 290 83 41\n--><\/p>\n","protected":false},"excerpt":{"rendered":"<p>De\u011ferli Velilerimiz, Okulumuzun e\u011fitim-\u00f6\u011fretim faaliyetlerinin temel unsurlardan biri de okul k\u00fclt\u00fcr\u00fcn\u00fc ve aidiyet duygusunu peki\u015ftiren okul k\u0131yafeti uygulamas\u0131d\u0131r. Ayn\u0131 zamanda Milli E\u011fitim Bakanl\u0131\u011f\u0131 y\u00f6netmelikleri gere\u011fi \u00f6\u011frencilerimizin belirlenen okul k\u0131yafetlerini giymeleri [&hellip;]<\/p>\n","protected":false},"author":1,"featured_media":0,"parent":0,"menu_order":0,"comment_status":"closed","ping_status":"closed","template":"template-noright.php","meta":[],"_links":{"self":[{"href":"https:\/\/obi.bilkent.edu.tr\/index.php\/wp-json\/wp\/v2\/pages\/199"}],"collection":[{"href":"https:\/\/obi.bilkent.edu.tr\/index.php\/wp-json\/wp\/v2\/pages"}],"about":[{"href":"https:\/\/obi.bilkent.edu.tr\/index.php\/wp-json\/wp\/v2\/types\/page"}],"author":[{"embeddable":true,"href":"https:\/\/obi.bilkent.edu.tr\/index.php\/wp-json\/wp\/v2\/users\/1"}],"replies":[{"embeddable":true,"href":"https:\/\/obi.bilkent.edu.tr\/index.php\/wp-json\/wp\/v2\/comments?post=199"}],"version-history":[{"count":12,"href":"https:\/\/obi.bilkent.edu.tr\/index.php\/wp-json\/wp\/v2\/pages\/199\/revisions"}],"predecessor-version":[{"id":487,"href":"https:\/\/obi.bilkent.edu.tr\/index.php\/wp-json\/wp\/v2\/pages\/199\/revisions\/487"}],"wp:attachment":[{"href":"https:\/\/obi.bilkent.edu.tr\/index.php\/wp-json\/wp\/v2\/media?parent=199"}],"curies":[{"name":"wp","href":"https:\/\/api.w.org\/{rel}","templated":true}]}}