{"id":197,"date":"2023-07-01T09:19:23","date_gmt":"2023-07-01T06:19:23","guid":{"rendered":"https:\/\/obi.bilkent.edu.tr\/?page_id=197"},"modified":"2025-01-09T10:20:16","modified_gmt":"2025-01-09T07:20:16","slug":"destek-personel","status":"publish","type":"page","link":"https:\/\/obi.bilkent.edu.tr\/index.php\/destek-personel\/","title":{"rendered":"Destek Personel"},"content":{"rendered":"<p align=\"center\"><span style=\"color: #cc6600;\">Sn. Sevil Tanr\u0131sever, Bina Sorumlusu<\/span><\/p>\n<p align=\"center\">E-posta: <a href=\"mailto:seviltanrisever@hotmail.com\"><span style=\"color: #339900;\">seviltanrisever@hotmail.com<\/span><\/a><br \/>\nTel: 290 83 20<\/p>\n<p>Bina sorumlusu <strong>Sn. Sevil Tanr\u0131sever,<\/strong> okul binas\u0131n\u0131n g\u00fcnl\u00fck denetimini yaparak, temizlik, hijyen, onar\u0131m konular\u0131nda ihtiya\u00e7lar\u0131n\u0131 saptar. Personel M\u00fcd\u00fcr\u00fc ile koordine ederek b\u00fcy\u00fck toplant\u0131lar\u0131n salon organizasyonunu yapar. Okuldaki t\u00fcm malzemelerin temiz tutulmas\u0131, i\u015fler durumda olmas\u0131 ve korunmas\u0131 i\u00e7in gerekli \u00f6nlemleri al\u0131r.<\/p>\n","protected":false},"excerpt":{"rendered":"<p>Sn. Sevil Tanr\u0131sever, Bina Sorumlusu E-posta: seviltanrisever@hotmail.com Tel: 290 83 20 Bina sorumlusu Sn. Sevil Tanr\u0131sever, okul binas\u0131n\u0131n g\u00fcnl\u00fck denetimini yaparak, temizlik, hijyen, onar\u0131m konular\u0131nda ihtiya\u00e7lar\u0131n\u0131 saptar. Personel M\u00fcd\u00fcr\u00fc ile [&hellip;]<\/p>\n","protected":false},"author":1,"featured_media":0,"parent":0,"menu_order":0,"comment_status":"closed","ping_status":"closed","template":"template-noright.php","meta":[],"_links":{"self":[{"href":"https:\/\/obi.bilkent.edu.tr\/index.php\/wp-json\/wp\/v2\/pages\/197"}],"collection":[{"href":"https:\/\/obi.bilkent.edu.tr\/index.php\/wp-json\/wp\/v2\/pages"}],"about":[{"href":"https:\/\/obi.bilkent.edu.tr\/index.php\/wp-json\/wp\/v2\/types\/page"}],"author":[{"embeddable":true,"href":"https:\/\/obi.bilkent.edu.tr\/index.php\/wp-json\/wp\/v2\/users\/1"}],"replies":[{"embeddable":true,"href":"https:\/\/obi.bilkent.edu.tr\/index.php\/wp-json\/wp\/v2\/comments?post=197"}],"version-history":[{"count":2,"href":"https:\/\/obi.bilkent.edu.tr\/index.php\/wp-json\/wp\/v2\/pages\/197\/revisions"}],"predecessor-version":[{"id":289,"href":"https:\/\/obi.bilkent.edu.tr\/index.php\/wp-json\/wp\/v2\/pages\/197\/revisions\/289"}],"wp:attachment":[{"href":"https:\/\/obi.bilkent.edu.tr\/index.php\/wp-json\/wp\/v2\/media?parent=197"}],"curies":[{"name":"wp","href":"https:\/\/api.w.org\/{rel}","templated":true}]}}