{"id":186,"date":"2023-06-13T11:58:12","date_gmt":"2023-06-13T08:58:12","guid":{"rendered":"https:\/\/obi.bilkent.edu.tr\/?page_id=186"},"modified":"2025-01-09T10:19:29","modified_gmt":"2025-01-09T07:19:29","slug":"okul-ucretinin-tespiti-tahsil-ve-iadesi","status":"publish","type":"page","link":"https:\/\/obi.bilkent.edu.tr\/index.php\/okul-ucretinin-tespiti-tahsil-ve-iadesi\/","title":{"rendered":"Okul \u00dccretinin Tespiti, Tahsil ve \u0130adesi"},"content":{"rendered":"<p align=\"center\"><span style=\"font-weight: bolder;\">20 Mart 2012 SALI Resm\u00ee Gazete Say\u0131: 28239 Y\u00d6NETMEL\u0130K<br \/>\nMill\u00ee E\u011fitim Bakanl\u0131\u011f\u0131ndan:<br \/>\nM\u0130LL\u00ce E\u011e\u0130T\u0130M BAKANLI\u011eI \u00d6ZEL \u00d6\u011eRET\u0130M KURUMLARI Y\u00d6NETMEL\u0130\u011e\u0130<\/span><\/p>\n<p><span style=\"font-weight: bolder;\">BE\u015e\u0130NC\u0130 B\u00d6L\u00dcM<\/span><\/p>\n<p>\u00dccretlerin Tespit, \u0130lan ve Tahsili<\/p>\n<p>\u00dccret tespiti<br \/>\nMADDE 53 \u2013 (1) Kurumlar, Kanunun 12 nci maddesinde yer alan h\u00fck\u00fcmlere uygun olarak \u00f6\u011frenci \u00fccretlerini; veliyle yapacaklar\u0131 Bakanl\u0131k\u00e7a belirlenerek Genel M\u00fcd\u00fcrl\u00fck internet sayfas\u0131nda yay\u0131mlanan \u00f6zel s\u00f6zle\u015fmelerinde sa\u011flayacaklar\u0131n\u0131 belirttikleri e\u011fitim ve \u00f6\u011fretim imkanlar\u0131na g\u00f6re tesbit ederler. Ancak okullar\u0131n ara s\u0131n\u0131flar\u0131n\u0131n e\u011fitim \u00fccreti bir \u00f6nceki e\u011fitim \u00f6\u011fretim y\u0131l\u0131nda ilan edilen, okulda devam eden \u00f6\u011frencilerin \u00fccreti ise \u00f6\u011frenci kay\u0131t s\u00f6zle\u015fmesinde belirlenen e\u011fitim \u00fccretine (Y.\u0130. &#8211; \u00dcFE+T\u00dcFE)\/2 oran\u0131na en fazla %5 oran\u0131nda art\u0131\u015f yap\u0131larak belirlenir.<\/p>\n<p><span style=\"font-weight: bolder;\">MADDE 55 \u2013<\/span> (1) \u00d6\u011frenci ve kursiyer \u00fccretleri;<br \/>\n2) Okullar, \u00e7al\u0131\u015fma takviminde belirtilen tarihte yeni ders y\u0131l\u0131na ait \u00fccretini \u00f6demeyen \u00f6\u011frencilerin kay\u0131tlar\u0131n\u0131 yenilemeyebilir.<\/p>\n<p><span style=\"font-weight: bolder;\">\u00dccretlerin iadesi<br \/>\nMADDE 56 \u2013<\/span> E\u011fitim ve \u00f6\u011fretim y\u0131l\u0131 ba\u015flamadan okulumuzdan ayr\u0131lan \u00f6\u011frencilere <span style=\"font-weight: bolder;\">y\u0131ll\u0131k \u00fccretin %10 d\u0131\u015f\u0131ndaki k\u0131sm\u0131<\/span>, e\u011fitim ve \u00f6\u011fretim y\u0131l\u0131 ba\u015flad\u0131ktan sonra okulumuzdan ayr\u0131lan \u00f6\u011frencilere ise <span style=\"font-weight: bolder;\">y\u0131ll\u0131k \u00fccretin &#8217;10&#8217;u ile \u00f6\u011frenim g\u00f6rd\u00fc\u011f\u00fc g\u00fcnlere g\u00f6re hesaplanan miktar\u0131n d\u0131\u015f\u0131ndaki k\u0131sm\u0131<\/span> okulumuz taraf\u0131ndan \u00f6\u011frenci velisine\/vasisine iade edilir.<\/p>\n<p>&nbsp;<\/p>\n","protected":false},"excerpt":{"rendered":"<p>20 Mart 2012 SALI Resm\u00ee Gazete Say\u0131: 28239 Y\u00d6NETMEL\u0130K Mill\u00ee E\u011fitim Bakanl\u0131\u011f\u0131ndan: M\u0130LL\u00ce E\u011e\u0130T\u0130M BAKANLI\u011eI \u00d6ZEL \u00d6\u011eRET\u0130M KURUMLARI Y\u00d6NETMEL\u0130\u011e\u0130 BE\u015e\u0130NC\u0130 B\u00d6L\u00dcM \u00dccretlerin Tespit, \u0130lan ve Tahsili \u00dccret tespiti MADDE 53 [&hellip;]<\/p>\n","protected":false},"author":1,"featured_media":0,"parent":0,"menu_order":0,"comment_status":"closed","ping_status":"closed","template":"template-noright.php","meta":[],"_links":{"self":[{"href":"https:\/\/obi.bilkent.edu.tr\/index.php\/wp-json\/wp\/v2\/pages\/186"}],"collection":[{"href":"https:\/\/obi.bilkent.edu.tr\/index.php\/wp-json\/wp\/v2\/pages"}],"about":[{"href":"https:\/\/obi.bilkent.edu.tr\/index.php\/wp-json\/wp\/v2\/types\/page"}],"author":[{"embeddable":true,"href":"https:\/\/obi.bilkent.edu.tr\/index.php\/wp-json\/wp\/v2\/users\/1"}],"replies":[{"embeddable":true,"href":"https:\/\/obi.bilkent.edu.tr\/index.php\/wp-json\/wp\/v2\/comments?post=186"}],"version-history":[{"count":3,"href":"https:\/\/obi.bilkent.edu.tr\/index.php\/wp-json\/wp\/v2\/pages\/186\/revisions"}],"predecessor-version":[{"id":288,"href":"https:\/\/obi.bilkent.edu.tr\/index.php\/wp-json\/wp\/v2\/pages\/186\/revisions\/288"}],"wp:attachment":[{"href":"https:\/\/obi.bilkent.edu.tr\/index.php\/wp-json\/wp\/v2\/media?parent=186"}],"curies":[{"name":"wp","href":"https:\/\/api.w.org\/{rel}","templated":true}]}}