{"id":184,"date":"2023-06-13T11:57:19","date_gmt":"2023-06-13T08:57:19","guid":{"rendered":"https:\/\/obi.bilkent.edu.tr\/?page_id=184"},"modified":"2025-02-26T11:07:08","modified_gmt":"2025-02-26T08:07:08","slug":"egitim-ucretimiz","status":"publish","type":"page","link":"https:\/\/obi.bilkent.edu.tr\/index.php\/egitim-ucretimiz\/","title":{"rendered":"E\u011fitim \u00dccretimiz"},"content":{"rendered":"<p><!--\n\n\n<h1 style=\"text-align: center;\"><span data-mce-type=\"bookmark\" style=\"display: inline-block; width: 0px; overflow: hidden; line-height: 0;\" class=\"mce_SELRES_start\"><\/span><span style=\"color: #0000ff;\"><strong>Yak\u0131nda Duyurulacakt\u0131r...<\/strong><\/span><\/h1>\n\n\n--><br \/>\nSay\u0131n Velilerimiz,<\/p>\n<p><a href=\"..\/..\/index.php\/2024-2025-egitim-ucreti\/\" target=\"_blank\" rel=\"noopener\">2024\/2025 E\u011fitim y\u0131l\u0131 i\u00e7in t\u0131klay\u0131n\u0131z.<\/a><br \/>\n<a href=\"..\/..\/index.php\/2025-2026-egitim-ucreti\/\" target=\"_blank\" rel=\"noopener\">2025\/2026 E\u011fitim y\u0131l\u0131 i\u00e7in t\u0131klay\u0131n\u0131z.<\/a><\/p>\n<p>Sayg\u0131lar\u0131m\u0131zla.<\/p>\n<p>\u0130DV \u00d6zel Bilkent Okullar\u0131 Y\u00f6netimi<\/p>\n","protected":false},"excerpt":{"rendered":"<p>Say\u0131n Velilerimiz, 2024\/2025 E\u011fitim y\u0131l\u0131 i\u00e7in t\u0131klay\u0131n\u0131z. 2025\/2026 E\u011fitim y\u0131l\u0131 i\u00e7in t\u0131klay\u0131n\u0131z. Sayg\u0131lar\u0131m\u0131zla. \u0130DV \u00d6zel Bilkent Okullar\u0131 Y\u00f6netimi<\/p>\n","protected":false},"author":1,"featured_media":0,"parent":0,"menu_order":0,"comment_status":"closed","ping_status":"closed","template":"template-noright.php","meta":[],"_links":{"self":[{"href":"https:\/\/obi.bilkent.edu.tr\/index.php\/wp-json\/wp\/v2\/pages\/184"}],"collection":[{"href":"https:\/\/obi.bilkent.edu.tr\/index.php\/wp-json\/wp\/v2\/pages"}],"about":[{"href":"https:\/\/obi.bilkent.edu.tr\/index.php\/wp-json\/wp\/v2\/types\/page"}],"author":[{"embeddable":true,"href":"https:\/\/obi.bilkent.edu.tr\/index.php\/wp-json\/wp\/v2\/users\/1"}],"replies":[{"embeddable":true,"href":"https:\/\/obi.bilkent.edu.tr\/index.php\/wp-json\/wp\/v2\/comments?post=184"}],"version-history":[{"count":9,"href":"https:\/\/obi.bilkent.edu.tr\/index.php\/wp-json\/wp\/v2\/pages\/184\/revisions"}],"predecessor-version":[{"id":413,"href":"https:\/\/obi.bilkent.edu.tr\/index.php\/wp-json\/wp\/v2\/pages\/184\/revisions\/413"}],"wp:attachment":[{"href":"https:\/\/obi.bilkent.edu.tr\/index.php\/wp-json\/wp\/v2\/media?parent=184"}],"curies":[{"name":"wp","href":"https:\/\/api.w.org\/{rel}","templated":true}]}}