{"id":182,"date":"2023-06-13T11:56:14","date_gmt":"2023-06-13T08:56:14","guid":{"rendered":"https:\/\/obi.bilkent.edu.tr\/?page_id=182"},"modified":"2025-09-18T08:56:49","modified_gmt":"2025-09-18T05:56:49","slug":"mali-ve-idari-isler","status":"publish","type":"page","link":"https:\/\/obi.bilkent.edu.tr\/index.php\/mali-ve-idari-isler\/","title":{"rendered":"Mali ve \u0130dari \u0130\u015fler"},"content":{"rendered":"<p>&nbsp;<\/p>\n<p>&nbsp;<\/p>\n<table style=\"height: 168px;\" border=\"0\" width=\"340\" align=\"center\">\n<tbody>\n<tr align=\"center\">\n<td style=\"text-align: left;\"><span style=\"font-weight: bolder;\">Semra SA\u011eLAM<br \/>\n<\/span><\/td>\n<\/tr>\n<tr align=\"center\">\n<td style=\"text-align: left;\"><span style=\"font-weight: bolder;\">Tufan \u00d6ZDAMAR<\/span><\/td>\n<\/tr>\n<tr align=\"center\">\n<td style=\"text-align: left;\"><\/td>\n<\/tr>\n<\/tbody>\n<\/table>\n<p style=\"text-align: center;\">E-posta: <a href=\"mailto:oblfinans@bilkent.edu.tr\">oblfinans<\/a><a href=\"mailto:oblfinans@bilkent.edu.tr\">@bilkent.edu.tr<\/a><\/p>\n<p>&nbsp;<\/p>\n<p>&nbsp;<\/p>\n","protected":false},"excerpt":{"rendered":"<p>&nbsp; &nbsp; Semra SA\u011eLAM Tufan \u00d6ZDAMAR E-posta: oblfinans@bilkent.edu.tr &nbsp; &nbsp;<\/p>\n","protected":false},"author":1,"featured_media":0,"parent":0,"menu_order":0,"comment_status":"closed","ping_status":"closed","template":"template-noright.php","meta":[],"_links":{"self":[{"href":"https:\/\/obi.bilkent.edu.tr\/index.php\/wp-json\/wp\/v2\/pages\/182"}],"collection":[{"href":"https:\/\/obi.bilkent.edu.tr\/index.php\/wp-json\/wp\/v2\/pages"}],"about":[{"href":"https:\/\/obi.bilkent.edu.tr\/index.php\/wp-json\/wp\/v2\/types\/page"}],"author":[{"embeddable":true,"href":"https:\/\/obi.bilkent.edu.tr\/index.php\/wp-json\/wp\/v2\/users\/1"}],"replies":[{"embeddable":true,"href":"https:\/\/obi.bilkent.edu.tr\/index.php\/wp-json\/wp\/v2\/comments?post=182"}],"version-history":[{"count":14,"href":"https:\/\/obi.bilkent.edu.tr\/index.php\/wp-json\/wp\/v2\/pages\/182\/revisions"}],"predecessor-version":[{"id":494,"href":"https:\/\/obi.bilkent.edu.tr\/index.php\/wp-json\/wp\/v2\/pages\/182\/revisions\/494"}],"wp:attachment":[{"href":"https:\/\/obi.bilkent.edu.tr\/index.php\/wp-json\/wp\/v2\/media?parent=182"}],"curies":[{"name":"wp","href":"https:\/\/api.w.org\/{rel}","templated":true}]}}