{"id":172,"date":"2023-06-13T11:42:11","date_gmt":"2023-06-13T08:42:11","guid":{"rendered":"https:\/\/obi.bilkent.edu.tr\/?page_id=172"},"modified":"2025-11-20T11:32:13","modified_gmt":"2025-11-20T08:32:13","slug":"ortaokul","status":"publish","type":"page","link":"https:\/\/obi.bilkent.edu.tr\/index.php\/ortaokul\/","title":{"rendered":"Ortaokul"},"content":{"rendered":"<p><span style=\"font-weight: bolder; color: #cc6600;\">Sn. Bur\u00e7in Erzurumlu, 5 &#8211; 8. S\u0131n\u0131f \u00d6\u011frenci \u0130\u015fleri Sorumlusu &amp; Y\u00f6netim Asistan\u0131<\/span><\/p>\n<p><img decoding=\"async\" loading=\"lazy\" style=\"padding-right: 10px;\" src=\"https:\/\/obi.bilkent.edu.tr\/images\/burcin.jpg\" width=\"300\" height=\"200\" align=\"left\" \/><span style=\"font-weight: bolder;\">Sn. Bur\u00e7in Erzurumlu<\/span> 5-&gt;8. s\u0131n\u0131f seviyelerinin \u00f6\u011frenci i\u015fleri sorumlusu ve y\u00f6netim asistan\u0131d\u0131r. Bu seviyelerden sorumlu olan M\u00fcd\u00fcr yard\u0131mc\u0131s\u0131 Sn. Berk \u00d6zkalender\u2019e asistanl\u0131k yapar, veliler ile randevular\u0131n\u0131 pl\u00e2nlar, yaz\u0131\u015fmalar\u0131n\u0131 yapar. Ayn\u0131 zamanda bu seviyelerde haftal\u0131k programlar\u0131n y\u00fcr\u00fct\u00fclmesine destek verir..<\/p>\n<p>E-posta: <a href=\"mailto:tburcin@bilkent.edu.tr\"><span style=\"color: #339900;\">tburcin@bilkent.edu.tr<\/span><\/a><br \/>\nTel: 290 83\u00a060<\/p>\n","protected":false},"excerpt":{"rendered":"<p>Sn. Bur\u00e7in Erzurumlu, 5 &#8211; 8. S\u0131n\u0131f \u00d6\u011frenci \u0130\u015fleri Sorumlusu &amp; Y\u00f6netim Asistan\u0131 Sn. Bur\u00e7in Erzurumlu 5-&gt;8. s\u0131n\u0131f seviyelerinin \u00f6\u011frenci i\u015fleri sorumlusu ve y\u00f6netim asistan\u0131d\u0131r. Bu seviyelerden sorumlu olan M\u00fcd\u00fcr [&hellip;]<\/p>\n","protected":false},"author":1,"featured_media":0,"parent":0,"menu_order":0,"comment_status":"closed","ping_status":"closed","template":"template-noright.php","meta":[],"_links":{"self":[{"href":"https:\/\/obi.bilkent.edu.tr\/index.php\/wp-json\/wp\/v2\/pages\/172"}],"collection":[{"href":"https:\/\/obi.bilkent.edu.tr\/index.php\/wp-json\/wp\/v2\/pages"}],"about":[{"href":"https:\/\/obi.bilkent.edu.tr\/index.php\/wp-json\/wp\/v2\/types\/page"}],"author":[{"embeddable":true,"href":"https:\/\/obi.bilkent.edu.tr\/index.php\/wp-json\/wp\/v2\/users\/1"}],"replies":[{"embeddable":true,"href":"https:\/\/obi.bilkent.edu.tr\/index.php\/wp-json\/wp\/v2\/comments?post=172"}],"version-history":[{"count":3,"href":"https:\/\/obi.bilkent.edu.tr\/index.php\/wp-json\/wp\/v2\/pages\/172\/revisions"}],"predecessor-version":[{"id":537,"href":"https:\/\/obi.bilkent.edu.tr\/index.php\/wp-json\/wp\/v2\/pages\/172\/revisions\/537"}],"wp:attachment":[{"href":"https:\/\/obi.bilkent.edu.tr\/index.php\/wp-json\/wp\/v2\/media?parent=172"}],"curies":[{"name":"wp","href":"https:\/\/api.w.org\/{rel}","templated":true}]}}