{"id":167,"date":"2023-06-13T11:38:26","date_gmt":"2023-06-13T08:38:26","guid":{"rendered":"https:\/\/obi.bilkent.edu.tr\/?page_id=167"},"modified":"2025-01-09T10:14:01","modified_gmt":"2025-01-09T07:14:01","slug":"yonetim","status":"publish","type":"page","link":"https:\/\/obi.bilkent.edu.tr\/index.php\/yonetim\/","title":{"rendered":"Y\u00f6netim"},"content":{"rendered":"<p><span style=\"font-weight: bolder; color: #cc6600;\">Selma I\u015f\u0131k, Y\u00f6netim Asistan\u0131 &amp;\u00a0\u00d6\u011frenci \u0130\u015fleri Sorumlusu<\/span><\/p>\n<p><img decoding=\"async\" loading=\"lazy\" style=\"padding-right: 10px;\" src=\"https:\/\/obi.bilkent.edu.tr\/images\/SelmaIsik.jpg\" width=\"300\" height=\"200\" align=\"left\" \/><span style=\"font-weight: bolder;\">Sn. Selma I\u015f\u0131k,<\/span> y\u00f6netim asistan\u0131d\u0131r. Okulumuz Genel Koordinat\u00f6r\u00fc\u2019ne ve Okul M\u00fcd\u00fcr\u00fc\u2019ne asistanl\u0131k eder, veliler ve di\u011fer birimler ile randevular\u0131n\u0131 planlar, yaz\u0131\u015fmalar\u0131n\u0131 yapar. Ayr\u0131ca okulun akademik takvimini, haftal\u0131k program\u0131n\u0131, okul b\u00fcltenini, etkinlik programlar\u0131n\u0131 davet mektuplar\u0131n\u0131 ve okul yay\u0131nlar\u0131n\u0131 haz\u0131rlar.<\/p>\n<p>E-posta: <a href=\"mailto:selma.isik@bilkent.edu.tr\"><span style=\"color: #339900;\">selma.isik@bilkent.edu.tr<\/span><\/a><br \/>\nTel: 290 83 55<\/p>\n","protected":false},"excerpt":{"rendered":"<p>Selma I\u015f\u0131k, Y\u00f6netim Asistan\u0131 &amp;\u00a0\u00d6\u011frenci \u0130\u015fleri Sorumlusu Sn. Selma I\u015f\u0131k, y\u00f6netim asistan\u0131d\u0131r. Okulumuz Genel Koordinat\u00f6r\u00fc\u2019ne ve Okul M\u00fcd\u00fcr\u00fc\u2019ne asistanl\u0131k eder, veliler ve di\u011fer birimler ile randevular\u0131n\u0131 planlar, yaz\u0131\u015fmalar\u0131n\u0131 yapar. Ayr\u0131ca [&hellip;]<\/p>\n","protected":false},"author":1,"featured_media":0,"parent":0,"menu_order":0,"comment_status":"closed","ping_status":"closed","template":"","meta":[],"_links":{"self":[{"href":"https:\/\/obi.bilkent.edu.tr\/index.php\/wp-json\/wp\/v2\/pages\/167"}],"collection":[{"href":"https:\/\/obi.bilkent.edu.tr\/index.php\/wp-json\/wp\/v2\/pages"}],"about":[{"href":"https:\/\/obi.bilkent.edu.tr\/index.php\/wp-json\/wp\/v2\/types\/page"}],"author":[{"embeddable":true,"href":"https:\/\/obi.bilkent.edu.tr\/index.php\/wp-json\/wp\/v2\/users\/1"}],"replies":[{"embeddable":true,"href":"https:\/\/obi.bilkent.edu.tr\/index.php\/wp-json\/wp\/v2\/comments?post=167"}],"version-history":[{"count":3,"href":"https:\/\/obi.bilkent.edu.tr\/index.php\/wp-json\/wp\/v2\/pages\/167\/revisions"}],"predecessor-version":[{"id":283,"href":"https:\/\/obi.bilkent.edu.tr\/index.php\/wp-json\/wp\/v2\/pages\/167\/revisions\/283"}],"wp:attachment":[{"href":"https:\/\/obi.bilkent.edu.tr\/index.php\/wp-json\/wp\/v2\/media?parent=167"}],"curies":[{"name":"wp","href":"https:\/\/api.w.org\/{rel}","templated":true}]}}