{"id":157,"date":"2023-06-13T10:35:09","date_gmt":"2023-06-13T07:35:09","guid":{"rendered":"https:\/\/obi.bilkent.edu.tr\/?page_id=157"},"modified":"2025-01-09T10:10:05","modified_gmt":"2025-01-09T07:10:05","slug":"guvenlik","status":"publish","type":"page","link":"https:\/\/obi.bilkent.edu.tr\/index.php\/guvenlik\/","title":{"rendered":"G\u00fcvenlik"},"content":{"rendered":"<div align=\"center\">\n<table class=\"noborder\" width=\"300\" align=\"center\">\n<tbody>\n<tr>\n<td style=\"text-align: center;\"><img decoding=\"async\" src=\"https:\/\/obi.bilkent.edu.tr\/images\/metinsen.jpg\" width=\"200\" \/><\/td>\n<\/tr>\n<tr>\n<td style=\"text-align: center;\"><b>Metin \u015eENSOY<\/b><br \/>\n\u0130lkokul Dan\u0131\u015fma G\u00fcvenlik G\u00f6revlisi<br \/>\nTelefon: 290 83 11 &#8211; 290 83 89<\/td>\n<\/tr>\n<\/tbody>\n<\/table>\n<p>&nbsp;<\/p>\n<table class=\"noborder\" width=\"300\" align=\"center\">\n<tbody>\n<tr>\n<td style=\"text-align: center;\"><img decoding=\"async\" src=\"https:\/\/obi.bilkent.edu.tr\/images\/olcay.jpg\" width=\"200\" \/><\/td>\n<\/tr>\n<tr>\n<td style=\"text-align: center;\"><b>Olcay DEM\u0130RHAN<\/b><br \/>\n\u0130lkokul Nizamiye G\u00fcvenlik G\u00f6revlisi<br \/>\nTelefon: 290 83 66<\/td>\n<\/tr>\n<\/tbody>\n<\/table>\n<\/div>\n<p>Okulumuzun g\u00fcvenli\u011finden Bilkent \u00dcniversitesi Sivil Savunma Sekreterli\u011fi ve G\u00fcvenlik M\u00fcd\u00fcrl\u00fc\u011f\u00fc taraf\u0131ndan g\u00f6revlendirilen G\u00fcvenlik G\u00f6revlisi sorumludur.<\/p>\n<ul>\n<li>Okula gelen her ziyaret\u00e7i okulumuzun giri\u015finde bulunan Nizamiyedeki g\u00fcvenlik g\u00f6revlisine bilgi vermeden ve okul i\u00e7erisinden teyit edilmeden okul i\u00e7erisine al\u0131nmaz.<\/li>\n<li>Ziyaret\u00e7inin okulda bulundu\u011fu s\u00fcre i\u00e7erisinde beyan edilen b\u00f6lge d\u0131\u015f\u0131nda hi\u00e7bir yere u\u011framamas\u0131 gerekmektedir.<\/li>\n<li>Okulun \u00e7\u0131k\u0131\u015f saatlerinde g\u00fcvenlik gere\u011fi okul bah\u00e7esi giri\u015f kap\u0131s\u0131 taraf\u0131ndan al\u0131nmal\u0131d\u0131rlar.<\/li>\n<li>Herhangi bir nedenle veli taraf\u0131ndan \u00f6\u011frenci okuldan al\u0131nmak istendi\u011finde \u00f6nce \u00f6\u011frenci i\u015fleri biriminden izin k\u00e2\u011f\u0131d\u0131 al\u0131n\u0131r. \u0130zin ka\u011f\u0131d\u0131n\u0131n bir n\u00fcshas\u0131 s\u0131n\u0131fta bulunan \u00f6\u011fretmene, di\u011fer n\u00fcshas\u0131 nizamiyede bulunan g\u00fcvenlik g\u00f6revlisine teslim edilerek okuldan \u00e7\u0131k\u0131labilir.<\/li>\n<li>\u00d6\u011frenci veli d\u0131\u015f\u0131nda bir ki\u015fi taraf\u0131ndan al\u0131nacaksa mutlaka ilgili m\u00fcd\u00fcr yard\u0131mc\u0131s\u0131na ya da b\u00f6l\u00fcm sekreterli\u011fine mail veya telefon yoluyla bilgi verilmesi gerekir.<\/li>\n<li>Hafta i\u00e7i ve hafta sonu \u00f6\u011frencilerimizin g\u00fcvenli\u011fi sebebiyle okul i\u00e7erisine veli giri\u015f \u00e7\u0131k\u0131\u015f\u0131 yasakt\u0131r.<\/li>\n<\/ul>\n<p>Yukar\u0131daki kurallar titizlikle uyulmas\u0131 \u00f6\u011frencilerimizin g\u00fcvenli\u011fi a\u00e7\u0131s\u0131ndan \u00e7ok \u00f6nemlidir.<\/p>\n","protected":false},"excerpt":{"rendered":"<p>Metin \u015eENSOY \u0130lkokul Dan\u0131\u015fma G\u00fcvenlik G\u00f6revlisi Telefon: 290 83 11 &#8211; 290 83 89 &nbsp; Olcay DEM\u0130RHAN \u0130lkokul Nizamiye G\u00fcvenlik G\u00f6revlisi Telefon: 290 83 66 Okulumuzun g\u00fcvenli\u011finden Bilkent \u00dcniversitesi Sivil [&hellip;]<\/p>\n","protected":false},"author":1,"featured_media":0,"parent":0,"menu_order":0,"comment_status":"closed","ping_status":"closed","template":"template-noright.php","meta":[],"_links":{"self":[{"href":"https:\/\/obi.bilkent.edu.tr\/index.php\/wp-json\/wp\/v2\/pages\/157"}],"collection":[{"href":"https:\/\/obi.bilkent.edu.tr\/index.php\/wp-json\/wp\/v2\/pages"}],"about":[{"href":"https:\/\/obi.bilkent.edu.tr\/index.php\/wp-json\/wp\/v2\/types\/page"}],"author":[{"embeddable":true,"href":"https:\/\/obi.bilkent.edu.tr\/index.php\/wp-json\/wp\/v2\/users\/1"}],"replies":[{"embeddable":true,"href":"https:\/\/obi.bilkent.edu.tr\/index.php\/wp-json\/wp\/v2\/comments?post=157"}],"version-history":[{"count":9,"href":"https:\/\/obi.bilkent.edu.tr\/index.php\/wp-json\/wp\/v2\/pages\/157\/revisions"}],"predecessor-version":[{"id":282,"href":"https:\/\/obi.bilkent.edu.tr\/index.php\/wp-json\/wp\/v2\/pages\/157\/revisions\/282"}],"wp:attachment":[{"href":"https:\/\/obi.bilkent.edu.tr\/index.php\/wp-json\/wp\/v2\/media?parent=157"}],"curies":[{"name":"wp","href":"https:\/\/api.w.org\/{rel}","templated":true}]}}