{"id":154,"date":"2023-06-13T10:33:09","date_gmt":"2023-06-13T07:33:09","guid":{"rendered":"https:\/\/obi.bilkent.edu.tr\/?page_id=154"},"modified":"2025-01-09T10:02:20","modified_gmt":"2025-01-09T07:02:20","slug":"is-sagligi-guvenligi-komitesi","status":"publish","type":"page","link":"https:\/\/obi.bilkent.edu.tr\/index.php\/is-sagligi-guvenligi-komitesi\/","title":{"rendered":"\u0130\u015f Sa\u011fl\u0131\u011f\u0131 G\u00fcvenli\u011fi Komitesi"},"content":{"rendered":"<p>&nbsp;<\/p>\n<p align=\"center\"><span style=\"font-weight: bolder;\">Melike \u00c7atall\u0131<\/span><br \/>\n\u0130\u015f Sa\u011fl\u0131\u011f\u0131 ve G\u00fcvenli\u011fi Uzman\u0131<\/p>\n<p>&nbsp;<\/p>\n<p>\u0130\u015f Sa\u011fl\u0131\u011f\u0131 ve G\u00fcvenli\u011fi; bir i\u015fyerinde \u00e7al\u0131\u015fanlar\u0131n normal sa\u011fl\u0131kl\u0131 hallerini s\u00fcrd\u00fcrmeleri i\u00e7in y\u00fcr\u00fct\u00fclmesi gereken faaliyetlerin t\u00fcm\u00fcd\u00fcr. Yani okulumuz i\u00e7erisinde bulunan personel ve \u00f6\u011frencilerimizin g\u00fcven i\u00e7erisinde e\u011fitim \u00f6\u011fretim faaliyetlerini y\u00fcr\u00fctebilmesi i\u00e7in yap\u0131lan \u00e7al\u0131\u015fmalard\u0131r.<\/p>\n<p>Bu ama\u00e7la okulumuzda Bilkent \u00dcniversitesi Tepe ISG taraf\u0131ndan Say\u0131n Melih Can \u00c7ivril \u0130\u015f Sa\u011fl\u0131\u011f\u0131 ve G\u00fcvenli\u011fi Uzman\u0131 olarak g\u00f6revlendirilmi\u015ftir.<\/p>\n","protected":false},"excerpt":{"rendered":"<p>&nbsp; Melike \u00c7atall\u0131 \u0130\u015f Sa\u011fl\u0131\u011f\u0131 ve G\u00fcvenli\u011fi Uzman\u0131 &nbsp; \u0130\u015f Sa\u011fl\u0131\u011f\u0131 ve G\u00fcvenli\u011fi; bir i\u015fyerinde \u00e7al\u0131\u015fanlar\u0131n normal sa\u011fl\u0131kl\u0131 hallerini s\u00fcrd\u00fcrmeleri i\u00e7in y\u00fcr\u00fct\u00fclmesi gereken faaliyetlerin t\u00fcm\u00fcd\u00fcr. Yani okulumuz i\u00e7erisinde bulunan personel [&hellip;]<\/p>\n","protected":false},"author":1,"featured_media":0,"parent":0,"menu_order":0,"comment_status":"closed","ping_status":"closed","template":"template-noright.php","meta":[],"_links":{"self":[{"href":"https:\/\/obi.bilkent.edu.tr\/index.php\/wp-json\/wp\/v2\/pages\/154"}],"collection":[{"href":"https:\/\/obi.bilkent.edu.tr\/index.php\/wp-json\/wp\/v2\/pages"}],"about":[{"href":"https:\/\/obi.bilkent.edu.tr\/index.php\/wp-json\/wp\/v2\/types\/page"}],"author":[{"embeddable":true,"href":"https:\/\/obi.bilkent.edu.tr\/index.php\/wp-json\/wp\/v2\/users\/1"}],"replies":[{"embeddable":true,"href":"https:\/\/obi.bilkent.edu.tr\/index.php\/wp-json\/wp\/v2\/comments?post=154"}],"version-history":[{"count":2,"href":"https:\/\/obi.bilkent.edu.tr\/index.php\/wp-json\/wp\/v2\/pages\/154\/revisions"}],"predecessor-version":[{"id":274,"href":"https:\/\/obi.bilkent.edu.tr\/index.php\/wp-json\/wp\/v2\/pages\/154\/revisions\/274"}],"wp:attachment":[{"href":"https:\/\/obi.bilkent.edu.tr\/index.php\/wp-json\/wp\/v2\/media?parent=154"}],"curies":[{"name":"wp","href":"https:\/\/api.w.org\/{rel}","templated":true}]}}