{"id":150,"date":"2023-06-13T10:09:06","date_gmt":"2023-06-13T07:09:06","guid":{"rendered":"https:\/\/obi.bilkent.edu.tr\/?page_id=150"},"modified":"2023-06-13T10:19:04","modified_gmt":"2023-06-13T07:19:04","slug":"faydali-linkler","status":"publish","type":"page","link":"https:\/\/obi.bilkent.edu.tr\/index.php\/faydali-linkler\/","title":{"rendered":"Faydal\u0131 Linkler"},"content":{"rendered":"\n<p align=\"center\"><a href=\"http:\/\/www.beslenme.gov.tr\/index.php?lang=tr&amp;page=59&amp;newsCat=1&amp;newsID=353\" target=\"_blank\" rel=\"noopener\">Okul \u00c7a\u011f\u0131 \u00c7ocuklarda Beslenme<\/a><\/p>\n<p align=\"center\"><a href=\"http:\/\/www.sbn.gov.tr\/icerik.aspx?id=367\" target=\"_blank\" rel=\"noopener\">Grip<\/a><\/p>\n<p align=\"center\"><a href=\"http:\/\/www.bilkent.edu.tr\/~bilheal\/\" target=\"_blank\" rel=\"noopener\">Sa\u011fl\u0131k Merkezi<\/a><\/p>\n<p align=\"center\"><a href=\"http:\/\/obi.bilkent.edu.tr\/formlar\/beslenme.pdf\" target=\"_blank\" rel=\"noopener\">Sa\u011fl\u0131kl\u0131 Beslenme \u00d6nerileri<\/a><\/p>\n","protected":false},"excerpt":{"rendered":"<p>Okul \u00c7a\u011f\u0131 \u00c7ocuklarda Beslenme Grip Sa\u011fl\u0131k Merkezi Sa\u011fl\u0131kl\u0131 Beslenme \u00d6nerileri<\/p>\n","protected":false},"author":1,"featured_media":0,"parent":0,"menu_order":0,"comment_status":"closed","ping_status":"closed","template":"","meta":[],"_links":{"self":[{"href":"https:\/\/obi.bilkent.edu.tr\/index.php\/wp-json\/wp\/v2\/pages\/150"}],"collection":[{"href":"https:\/\/obi.bilkent.edu.tr\/index.php\/wp-json\/wp\/v2\/pages"}],"about":[{"href":"https:\/\/obi.bilkent.edu.tr\/index.php\/wp-json\/wp\/v2\/types\/page"}],"author":[{"embeddable":true,"href":"https:\/\/obi.bilkent.edu.tr\/index.php\/wp-json\/wp\/v2\/users\/1"}],"replies":[{"embeddable":true,"href":"https:\/\/obi.bilkent.edu.tr\/index.php\/wp-json\/wp\/v2\/comments?post=150"}],"version-history":[{"count":1,"href":"https:\/\/obi.bilkent.edu.tr\/index.php\/wp-json\/wp\/v2\/pages\/150\/revisions"}],"predecessor-version":[{"id":151,"href":"https:\/\/obi.bilkent.edu.tr\/index.php\/wp-json\/wp\/v2\/pages\/150\/revisions\/151"}],"wp:attachment":[{"href":"https:\/\/obi.bilkent.edu.tr\/index.php\/wp-json\/wp\/v2\/media?parent=150"}],"curies":[{"name":"wp","href":"https:\/\/api.w.org\/{rel}","templated":true}]}}