{"id":13,"date":"2023-04-05T14:24:28","date_gmt":"2023-04-05T11:24:28","guid":{"rendered":"https:\/\/obi.bilkent.edu.tr\/?page_id=13"},"modified":"2026-03-26T09:04:19","modified_gmt":"2026-03-26T06:04:19","slug":"deneme","status":"publish","type":"page","link":"https:\/\/obi.bilkent.edu.tr\/","title":{"rendered":"DUYURU"},"content":{"rendered":"<p style=\"text-align: left;\"><img decoding=\"async\" src=\"..\/..\/images\/im.png\" width=\"15\" \/> 16 \u015eubat 2026 tarihinde ba\u015flayacak trafik uygulamas\u0131 i\u00e7in<a href=\"https:\/\/obi.bilkent.edu.tr\/formlar\/trafik.pdf\" target=\"_blank\" rel=\"noopener\"> t\u0131klay\u0131n\u0131z.<\/a><\/p>\n<p style=\"text-align: left;\"><img decoding=\"async\" src=\"..\/..\/images\/im.png\" width=\"15\" \/> 2026 &#8211; 2027 Okul \u00f6ncesi e\u011fitim \u00fccreti bilgilendirme i\u00e7in<a href=\"https:\/\/obi.bilkent.edu.tr\/index.php\/mali-ve-idari-isler\"> t\u0131klay\u0131n\u0131z.<\/a><\/p>\n<p><img decoding=\"async\" src=\"..\/..\/images\/im.png\" width=\"15\" \/> <a href=\"https:\/\/ilkweb.bilkent.edu.tr\/index.php\/ogrenci-basvurulari\/\">2026-2027 \u00d6\u011fretim y\u0131l\u0131 okul \u00f6ncesi \u00f6\u011frenci al\u0131m ba\u015fvuru bilgileri i\u00e7in t\u0131klay\u0131n\u0131z.<\/a><\/p>\n<p><img decoding=\"async\" src=\"..\/..\/images\/im.png\" width=\"15\" \/> <a href=\"https:\/\/obi.bilkent.edu.tr\/formlar\/suanaliz2026.pdf\" target=\"_blank\" rel=\"noopener\"> Okullar\u0131m\u0131zdaki Su Sebillerinin Analiz Raporlar\u0131<\/a><\/p>\n<p><img decoding=\"async\" src=\"..\/..\/images\/im.png\" width=\"15\" \/>13 Ekim D\u00fcnya Afet Risklerinin Azalt\u0131lmas\u0131 G\u00fcn\u00fc dolay\u0131s\u0131yla, okulumuzda ger\u00e7ekle\u015fen \u201c<b>Deprem Tahliye Tatbikat\u0131\u201d<\/b>\u00a0hakk\u0131nda bilgilendirme i\u00e7in l\u00fctfen\u00a0<a href=\"https:\/\/drive.google.com\/file\/d\/1XFQma_yyV0HexS6a7KCGCbHi46JjVV5U\/view?usp=sharing\" target=\"_blank\" rel=\"noopener noreferrer\">t\u0131klay\u0131n\u0131z..<\/a><\/p>\n<p><img decoding=\"async\" src=\"..\/..\/images\/im.png\" width=\"15\" \/> <span style=\"color: #000000;\"><a style=\"color: #000000;\" href=\"https:\/\/obi.bilkent.edu.tr\/index.php\/hafta-ici-ve-hafta-sonu-etkinliklerimiz\/\">Hafta i\u00e7i (okul sonras\u0131) ve hafta sonu (Cumartesi) etkinliklerimiz i\u00e7in t\u0131klay\u0131n\u0131z.\u00a0<\/a><\/span><\/p>\n<p style=\"text-align: left;\"><img decoding=\"async\" src=\"..\/..\/images\/im.png\" width=\"15\" \/> Ta\u015f\u0131t pulu ile ilgili bilgilendirme i\u00e7in<a href=\"https:\/\/www.obi.bilkent.edu.tr\/formlar\/tasit-pulu.pdf\"> t\u0131klay\u0131n\u0131z.<\/a><\/p>\n<p style=\"font-size: 14px;\"><img decoding=\"async\" src=\"..\/..\/images\/im.png\" width=\"15\" \/> &#8220;2025 -2026 e\u011fitim \u00f6\u011fretim y\u0131l\u0131 i\u00e7in \u00fccretsiz \u00f6\u011frenci ba\u015fvurular\u0131&#8221; <a href=\"https:\/\/obi.bilkent.edu.tr\/formlar\/ucretsiz.pdf\" target=\"_blank\" rel=\"noopener\">t\u0131klay\u0131n\u0131z.<\/a><\/p>\n<p style=\"font-size: 14px;\"><img decoding=\"async\" src=\"..\/..\/images\/im.png\" width=\"15\" \/> <a href=\"https:\/\/obi.bilkent.edu.tr\/index.php\/okul-kiyafeti\/\" rel=\"noopener\"> 2025 &#8211; 2026 E\u011fitim-\u00d6\u011fretim Y\u0131l\u0131 K\u0131yafet hakk\u0131nda bilgilendirme.<\/a><\/p>\n<p style=\"font-size: 14px;\"><img decoding=\"async\" src=\"..\/..\/images\/im.png\" width=\"15\" \/> <a href=\"http:\/\/www.ortaweb.bilkent.edu.tr\/formlar\/isgunu2526.pdf\" target=\"_blank\" rel=\"noopener\"> 2025 &#8211; 2026 E\u011fitim-\u00d6\u011fretim Y\u0131l\u0131 \u0130\u015f G\u00fcn\u00fc Takvimimiz<\/a><\/p>\n<p style=\"font-size: 14px;\"><img decoding=\"async\" src=\"..\/..\/images\/im.png\" width=\"15\" \/><a href=\"https:\/\/drive.google.com\/file\/d\/1vztcGcughd9J92tTJgUvEOwxJOsaxuuP\/view?usp=sharing\" target=\"_blank\" rel=\"noopener\"> Okulumuzdan G\u00f6r\u00fcnt\u00fcler<\/a><\/p>\n","protected":false},"excerpt":{"rendered":"<p>16 \u015eubat 2026 tarihinde ba\u015flayacak trafik uygulamas\u0131 i\u00e7in t\u0131klay\u0131n\u0131z. 2026 &#8211; 2027 Okul \u00f6ncesi e\u011fitim \u00fccreti bilgilendirme i\u00e7in t\u0131klay\u0131n\u0131z. 2026-2027 \u00d6\u011fretim y\u0131l\u0131 okul \u00f6ncesi \u00f6\u011frenci al\u0131m ba\u015fvuru bilgileri i\u00e7in t\u0131klay\u0131n\u0131z. [&hellip;]<\/p>\n","protected":false},"author":1,"featured_media":0,"parent":0,"menu_order":0,"comment_status":"closed","ping_status":"closed","template":"","meta":[],"_links":{"self":[{"href":"https:\/\/obi.bilkent.edu.tr\/index.php\/wp-json\/wp\/v2\/pages\/13"}],"collection":[{"href":"https:\/\/obi.bilkent.edu.tr\/index.php\/wp-json\/wp\/v2\/pages"}],"about":[{"href":"https:\/\/obi.bilkent.edu.tr\/index.php\/wp-json\/wp\/v2\/types\/page"}],"author":[{"embeddable":true,"href":"https:\/\/obi.bilkent.edu.tr\/index.php\/wp-json\/wp\/v2\/users\/1"}],"replies":[{"embeddable":true,"href":"https:\/\/obi.bilkent.edu.tr\/index.php\/wp-json\/wp\/v2\/comments?post=13"}],"version-history":[{"count":56,"href":"https:\/\/obi.bilkent.edu.tr\/index.php\/wp-json\/wp\/v2\/pages\/13\/revisions"}],"predecessor-version":[{"id":571,"href":"https:\/\/obi.bilkent.edu.tr\/index.php\/wp-json\/wp\/v2\/pages\/13\/revisions\/571"}],"wp:attachment":[{"href":"https:\/\/obi.bilkent.edu.tr\/index.php\/wp-json\/wp\/v2\/media?parent=13"}],"curies":[{"name":"wp","href":"https:\/\/api.w.org\/{rel}","templated":true}]}}